{"id":85,"date":"2019-07-18T14:48:02","date_gmt":"2019-07-18T12:48:02","guid":{"rendered":"http:\/\/portafoli-wordpress.recursos.uoc.edu\/?page_id=85"},"modified":"2019-07-24T17:08:07","modified_gmt":"2019-07-24T15:08:07","slug":"1-1-introduccion","status":"publish","type":"page","link":"http:\/\/portafoli-wordpress.recursos.uoc.edu\/es\/","title":{"rendered":"1.1. Introducci\u00f3n"},"content":{"rendered":"<p>Despu\u00e9s de treinta a\u00f1os de evoluci\u00f3n de internet, cualquier comparaci\u00f3n actual con los albores de la red muestra grandes cambios en cuanto a dise\u00f1o y pocos cambios en cuanto a estructura de contenidos.<\/p>\n<div class=\"featured featured-blue\"><p>La <strong>web<\/strong> es, en esencia, contenidos. Eso es HTML: una forma de marcar hipertextos y organizar contenidos que consumimos a trav\u00e9s de un navegador.<\/p>\n<\/div>\n<p>Por supuesto, la irrupci\u00f3n de CSS ha brindado infinitas posibilidades de embellecer la apariencia gr\u00e1fica, y la llegada de JavaScript ha brindado de posibilidades de interacci\u00f3n que la proto-web de 1991 no lleg\u00f3 a imaginar.<\/p>\n<p>Sin embargo, los grandes cambios de la web llegaron con la democratizaci\u00f3n de la tecnolog\u00eda y el acceso masivo a la creaci\u00f3n y edici\u00f3n de p\u00e1ginas web. Lo que, al principio, era un universo \u00fanicamente accesible para aquellas personas que conoc\u00edan lenguaje HTML (y generalmente ligados a las ciencias de la computaci\u00f3n), acab\u00f3 por extenderse al com\u00fan de los internautas a trav\u00e9s de lenguajes de programaci\u00f3n ligeros e interfaces de creaci\u00f3n de contenidos accesibles a todos los niveles de alfabetizaci\u00f3n digital.<\/p>\n<p>En este contexto surgen los sistemas de gesti\u00f3n de contenidos, que facilitan en grado sumo la creaci\u00f3n de casi cualquier tipo de proyecto web.<\/p>\n<div class=\"featured featured-blue\"><p>Un <strong>CMS<\/strong> es un sistema de gesti\u00f3n de contenidos (<em>content management system<\/em>) que permite gestionar la informaci\u00f3n de p\u00e1ginas web.<\/p>\n<\/div>\n<p>Existen CMS orientados a diferentes tipos de productos en l\u00ednea, como sitios web corporativos, blogs, plataformas de comercio electr\u00f3nico, plataformas de formaci\u00f3n en l\u00ednea, etc.<\/p>\n<p>Desde el punto de vista t\u00e9cnico, existen muchos y muy variados sistemas de gesti\u00f3n de contenidos: desde aquellos que funcionan con HTML y no necesitan bases de datos MySQL (como <a href=\"http:\/\/www.cmsimple.org\/\" target=\"_blank\" rel=\"noopener noreferrer\">CMSimple<\/a>) a aquellos que tienen perfectamente estructurada y separada la informaci\u00f3n en bases de datos (MySQL, MariaDB o MongoDB, por ejemplo) y en ficheros (im\u00e1genes, documentos, etc.).<\/p>\n<p>Este \u00faltimo grupo resulta m\u00e1s interesante ya que, al separar la base de datos de los archivos f\u00edsicos, el sitio web es m\u00e1s seguro. Dentro de este grupo de aplicativos, mucho m\u00e1s numeroso, podemos encontrar buenos y robustos sistemas de gesti\u00f3n de contenido como <a href=\"https:\/\/www.joomla.org\/\" target=\"_blank\" rel=\"noopener noreferrer\">Joomla<\/a>, <a href=\"https:\/\/www.drupal.org\/\" target=\"_blank\" rel=\"noopener noreferrer\">Drupal<\/a>, <a href=\"https:\/\/magento.com\/\" target=\"_blank\" rel=\"noopener noreferrer\">Magento<\/a>, <a href=\"https:\/\/www.prestashop.com\/en\" target=\"_blank\" rel=\"noopener noreferrer\">PrestaShop<\/a>, <a href=\"https:\/\/www.silverstripe.org\/\" target=\"_blank\" rel=\"noopener noreferrer\">SilverStripe<\/a>, etc.<\/p>\n<p>Un buen CMS deber\u00eda dar soluci\u00f3n a m\u00faltiples cuestiones:<\/p>\n<ul>\n<li>Una curva de aprendizaje r\u00e1pida<\/li>\n<li>Gesti\u00f3n de contenidos y recursos<\/li>\n<li>Gesti\u00f3n de perfiles y roles de usuario<\/li>\n<li>Edici\u00f3n enriquecida de texto<\/li>\n<li>Categorizaci\u00f3n y etiquetado de contenidos<\/li>\n<li>Personalizaci\u00f3n del aspecto visual<\/li>\n<li>Gesti\u00f3n independiente de dise\u00f1o y contenidos<\/li>\n<li>Comunidad de usuarios y desarrolladores, API e integraci\u00f3n de complementos de terceros<\/li>\n<\/ul>\n<p>Casi todos los CMS actuales cumplen sobradamente los puntos anteriores, pero existe un consenso generalizado entre la comunidad profesional sobre el equilibrio de los elementos en la plataforma WordPress.<\/p>\n<p>Escoger un CMS frente a un dise\u00f1o con HTML + CSS (m\u00e1s JavaScript) es una decisi\u00f3n que se ha de tomar en la fase de planificaci\u00f3n de un sitio web. Si lo \u00fanico que necesitamos es una p\u00e1gina de aterrizaje o una \u00abtarjeta de visita virtual\u00bb que contenga solo la informaci\u00f3n relativa a quienes somos, qu\u00e9 hacemos y un formulario de contacto, quiz\u00e1s no sea necesario un CMS.<\/p>\n<p>Es \u00fatil plantear el uso de un CMS si es necesario desarrollar tu web mucho m\u00e1s r\u00e1pido, sin l\u00edmites de escalabilidad en los contenidos, si se requieren funciones avanzadas para que los usuarios interact\u00faen (como una tienda virtual), si el SEO es prioritario, si es imprescindible poder acceder a la web en cualquier lugar o se delega la gesti\u00f3n de la p\u00e1gina web en personas que no tienen conocimientos de programaci\u00f3n.<\/p>\n<p>Los sistemas de gesti\u00f3n de contenido m\u00e1s empleados del mundo, de acuerdo con los datos de W3Techs (2018), son los siguientes:<\/p>\n<ul>\n<li><strong>WordPress<\/strong> (con una cuota de mercado del 59,9% de los CMS, y un 31% de todos los sitios web existentes)<\/li>\n<li><strong>Joomla<\/strong> (con una cuota de mercado del 5,9%, y un 3,1% de todos los sitios web existentes)<\/li>\n<li><strong>Drupal<\/strong> (con una cuota de mercado del 3,8%, y un 2,1% de todos los sitios web existentes)<\/li>\n<li><strong>Squarespace<\/strong> (con una cuota de mercado del 2,4%, y un 1,1% de todos los sitios web existentes)<\/li>\n<li><strong>Shopify<\/strong> (con una cuota de mercado del 2,3%)<\/li>\n<li><strong>Wix<\/strong> (con una cuota de mercado del 1,4% y un 0,7% de todos los sitios web existentes)<\/li>\n<\/ul>\n<p>Al margen de <a href=\"https:\/\/es.squarespace.com\/\" target=\"_blank\" rel=\"noopener noreferrer\">Squarespace<\/a> y <a href=\"https:\/\/www.shopify.es\/\" target=\"_blank\" rel=\"noopener noreferrer\">Shopify<\/a>, herramientas orientadas a la creaci\u00f3n de plataformas <em>e-commerce<\/em>, y <a href=\"https:\/\/es.wix.com\/\" target=\"_blank\" rel=\"noopener noreferrer\">Wix<\/a>, un CMS no autoalojado que no permite el control total sobre la plataforma empleada, el podio compuesto por WordPress, Joomla y Drupal suponen el 75% del mercado CMS.<\/p>\n<div class=\"featured featured-blue\"><p><strong>WordPress<\/strong> es el l\u00edder absoluto del mercado, y parece que seguir\u00e1 una tendencia al alza durante los pr\u00f3ximos a\u00f1os. Su cuota de mercado aument\u00f3 desde el 13% en 2011 hasta el 31% en 2018 (un crecimiento interanual del 2,5%).<\/p>\n<\/div>\n","protected":false},"excerpt":{"rendered":"<p>Despu\u00e9s de treinta a\u00f1os de evoluci\u00f3n de internet, cualquier comparaci\u00f3n actual con los albores de la red muestra grandes cambios en cuanto a dise\u00f1o y pocos cambios en cuanto a estructura de contenidos. Por supuesto, la irrupci\u00f3n de CSS ha brindado infinitas posibilidades de embellecer la apariencia gr\u00e1fica, y la llegada de JavaScript ha brindado [&hellip;]<\/p>\n","protected":false},"author":2,"featured_media":0,"parent":0,"menu_order":0,"comment_status":"closed","ping_status":"closed","template":"","meta":[],"_links":{"self":[{"href":"http:\/\/portafoli-wordpress.recursos.uoc.edu\/es\/wp-json\/wp\/v2\/pages\/85"}],"collection":[{"href":"http:\/\/portafoli-wordpress.recursos.uoc.edu\/es\/wp-json\/wp\/v2\/pages"}],"about":[{"href":"http:\/\/portafoli-wordpress.recursos.uoc.edu\/es\/wp-json\/wp\/v2\/types\/page"}],"author":[{"embeddable":true,"href":"http:\/\/portafoli-wordpress.recursos.uoc.edu\/es\/wp-json\/wp\/v2\/users\/2"}],"replies":[{"embeddable":true,"href":"http:\/\/portafoli-wordpress.recursos.uoc.edu\/es\/wp-json\/wp\/v2\/comments?post=85"}],"version-history":[{"count":11,"href":"http:\/\/portafoli-wordpress.recursos.uoc.edu\/es\/wp-json\/wp\/v2\/pages\/85\/revisions"}],"predecessor-version":[{"id":694,"href":"http:\/\/portafoli-wordpress.recursos.uoc.edu\/es\/wp-json\/wp\/v2\/pages\/85\/revisions\/694"}],"wp:attachment":[{"href":"http:\/\/portafoli-wordpress.recursos.uoc.edu\/es\/wp-json\/wp\/v2\/media?parent=85"}],"curies":[{"name":"wp","href":"https:\/\/api.w.org\/{rel}","templated":true}]}}