{"id":779,"date":"2019-08-18T11:59:31","date_gmt":"2019-08-18T09:59:31","guid":{"rendered":"http:\/\/portafoli-wordpress.recursos.uoc.edu\/?page_id=779"},"modified":"2019-08-18T14:33:15","modified_gmt":"2019-08-18T12:33:15","slug":"5-3-complementos-de-optimizacion","status":"publish","type":"page","link":"http:\/\/portafoli-wordpress.recursos.uoc.edu\/es\/5-3-complementos-de-optimizacion\/","title":{"rendered":"5.3. Complementos de optimizaci\u00f3n"},"content":{"rendered":"<div class=\"featured featured-blue\"><p><strong>Optimizar WordPress<\/strong> consiste en conseguir una buena velocidad de carga de nuestra p\u00e1gina web y reducir el consumo de recursos del servidor.<\/p>\n<\/div>\n<p>La mejora de estos dos aspectos mejora la usabilidad del sitio, el tr\u00e1fico web y el posicionamiento, por lo que debemos aplicar unas sencillas reglas \u2013y complementos\u2013 que nos ayuden con esta cuesti\u00f3n.<\/p>\n<h2><strong>Optimiza las im\u00e1genes<\/strong><\/h2>\n<p>El uso de im\u00e1genes muy pesadas penaliza la velocidad de carga de la web, por lo que se recomienda reducir el tama\u00f1o y resoluci\u00f3n para mejorar la carga. Con el complemento <a href=\"https:\/\/gl.wordpress.org\/plugins\/wp-smushit\/\" target=\"_blank\" rel=\"noopener noreferrer\">Smush Image Compression and Optimization<\/a> podr\u00e1s hacer una redimensi\u00f3n y reducci\u00f3n de tama\u00f1o masiva sin notar ning\u00fan tipo de diferencia a simple vista.<\/p>\n<p>Emplea un <strong>complemento que<\/strong> <strong>mejore la cach\u00e9<\/strong>, como <a href=\"https:\/\/gl.wordpress.org\/plugins\/wp-super-cache\/\" target=\"_blank\" rel=\"noopener noreferrer\">WP Super Cache<\/a> (desarrollado por Automattic, la empresa que ha creado WordPress). Este complemento crea archivos HTML est\u00e1ticos de cada p\u00e1gina del sitio web, mucho m\u00e1s ligeros y con menor velocidad de carga.<\/p>\n<figure id=\"attachment_242\" aria-describedby=\"caption-attachment-242\" style=\"width: 765px\" class=\"wp-caption alignnone\"><img loading=\"lazy\" class=\"wp-image-242 size-full\" src=\"\/wp-content\/uploads\/2019\/07\/m4352_017.jpg\" alt=\"\" width=\"765\" height=\"430\" srcset=\"\/wp-content\/uploads\/2019\/07\/m4352_017.jpg 765w, \/wp-content\/uploads\/2019\/07\/m4352_017-300x169.jpg 300w\" sizes=\"(max-width: 765px) 100vw, 765px\" \/><figcaption id=\"caption-attachment-242\" class=\"wp-caption-text\">Configuraci\u00f3n del complemento \u00abWP Super Cach\u00e9\u00bb.<br \/>Fuente: elaboraci\u00f3n propia<\/figcaption><\/figure>\n<p>Este complemento es muy sencillo y f\u00e1cil de configurar. Tras instalar el complemento, ve a \u00abAjustes &gt; WP Super Cache\u00bb y, en la primera pesta\u00f1a, activa el cach\u00e9 (1) y guarda la configuraci\u00f3n (2). A partir de este momento la velocidad de carga mejorar\u00e1.<\/p>\n<div class=\"featured featured-blue\"><p><strong>\u00a1Cuidado!<\/strong><\/p>\n<p>Cuando est\u00e9s editando tu p\u00e1gina web en WordPress desactiva el complemento, porque de lo contrario los cambios tardar\u00e1n un rato en ser visibles (hasta que se realiza una nueva cach\u00e9 no son visibles). En la pesta\u00f1a \u00abPrecarga\u00bb (3) del complemento puedes modificar el intervalo de tiempo para volver a crear los archivos cach\u00e9.<\/p>\n<\/div>\n<p>El experto en WordPress Fernando Tellado ha creado el complemento <a href=\"https:\/\/es.wordpress.org\/plugins\/wpo-tweaks\/\" target=\"_blank\" rel=\"noopener noreferrer\">Mejoras WPO para WordPress<\/a>, que incluye la posibilidad de desactivar algunas funciones de esta plataforma que ralentizan su funcionamiento.<\/p>\n<p>El complemento \u00ab<a href=\"https:\/\/es.wordpress.org\/plugins\/machete\/\" target=\"_blank\" rel=\"noopener noreferrer\">Machete<\/a>\u00bb realiza una serie de mejoras de forma liviana que aligeran la carga de WordPress (eliminando c\u00f3digo innecesario en la mayor parte de las webs) e introduce algunas funcionalidades extra que nos sirven para cualquier tipo de web:<\/p>\n<ul>\n<li><strong>Aviso de <em>cookies<\/em><\/strong>. Esta funcionalidad permite incluir un aviso de <em>cookies<\/em> ligero que nos ayude a cumplir la normativa.<\/li>\n<li><strong>Anal\u00edtica web<\/strong>. Esta funcionalidad permite ingresar el c\u00f3digo de seguimiento de anal\u00edtica web para poder consultar el tr\u00e1fico web de la p\u00e1gina.<\/li>\n<li><strong>Modo mantenimiento<\/strong>: permite deshabilitar la web (<em>FrontEnd<\/em>) mientras se ejecutan trabajos de mantenimiento y actualizaci\u00f3<\/li>\n<\/ul>\n<p><strong>\u00bfEn qu\u00e9 nos debemos fijar para saber si un <em>plugin<\/em> es bueno?<\/strong><\/p>\n<p>En la ficha de cualquier <em>plugin<\/em> podemos ver la fecha de <strong>\u00faltima<\/strong><strong> actualizaci\u00f3n <\/strong>para saber si es algo que se ha actualizado en los \u00faltimos meses o lleva abandonado varios a\u00f1os, el <strong>foro de soporte<\/strong> donde podemos ver si hay preguntas \u00faltimamente sobre el funcionamiento o si el creador se preocupa de los usuarios del <em>plugin<\/em>, y la <strong>reputaci\u00f3n<\/strong>, en forma de valoraciones y, pinchando en el nombre del creador, la lista de <em>plugins<\/em> que ha creado para WordPress.<\/p>\n<p>Adem\u00e1s, est\u00e1 <strong>nuestra experiencia<\/strong>, que nos dir\u00e1 si hemos de utilizar uno u otro, o si hemos utilizado <em>plugins<\/em> de un mismo desarrollador y sabemos que funcionan o no.<\/p>\n","protected":false},"excerpt":{"rendered":"<p>La mejora de estos dos aspectos mejora la usabilidad del sitio, el tr\u00e1fico web y el posicionamiento, por lo que debemos aplicar unas sencillas reglas \u2013y complementos\u2013 que nos ayuden con esta cuesti\u00f3n. Optimiza las im\u00e1genes El uso de im\u00e1genes muy pesadas penaliza la velocidad de carga de la web, por lo que se recomienda [&hellip;]<\/p>\n","protected":false},"author":2,"featured_media":0,"parent":0,"menu_order":0,"comment_status":"closed","ping_status":"closed","template":"","meta":[],"_links":{"self":[{"href":"http:\/\/portafoli-wordpress.recursos.uoc.edu\/es\/wp-json\/wp\/v2\/pages\/779"}],"collection":[{"href":"http:\/\/portafoli-wordpress.recursos.uoc.edu\/es\/wp-json\/wp\/v2\/pages"}],"about":[{"href":"http:\/\/portafoli-wordpress.recursos.uoc.edu\/es\/wp-json\/wp\/v2\/types\/page"}],"author":[{"embeddable":true,"href":"http:\/\/portafoli-wordpress.recursos.uoc.edu\/es\/wp-json\/wp\/v2\/users\/2"}],"replies":[{"embeddable":true,"href":"http:\/\/portafoli-wordpress.recursos.uoc.edu\/es\/wp-json\/wp\/v2\/comments?post=779"}],"version-history":[{"count":3,"href":"http:\/\/portafoli-wordpress.recursos.uoc.edu\/es\/wp-json\/wp\/v2\/pages\/779\/revisions"}],"predecessor-version":[{"id":886,"href":"http:\/\/portafoli-wordpress.recursos.uoc.edu\/es\/wp-json\/wp\/v2\/pages\/779\/revisions\/886"}],"wp:attachment":[{"href":"http:\/\/portafoli-wordpress.recursos.uoc.edu\/es\/wp-json\/wp\/v2\/media?parent=779"}],"curies":[{"name":"wp","href":"https:\/\/api.w.org\/{rel}","templated":true}]}}