{"id":269,"date":"2019-07-18T18:50:12","date_gmt":"2019-07-18T16:50:12","guid":{"rendered":"http:\/\/portafoli-wordpress.recursos.uoc.edu\/?page_id=269"},"modified":"2019-07-18T18:56:04","modified_gmt":"2019-07-18T16:56:04","slug":"6-6-un-poco-de-inspiracion","status":"publish","type":"page","link":"http:\/\/portafoli-wordpress.recursos.uoc.edu\/es\/6-6-un-poco-de-inspiracion\/","title":{"rendered":"6.6. Un poco de inspiraci\u00f3n"},"content":{"rendered":"<p>Ahora te toca trabajar a ti, pero antes de empezar, echa un vistazo e insp\u00edrate en estos dise\u00f1os.<\/p>\n<h2><strong>A Canteira da FCSC<\/strong><\/h2>\n<p>A Canteira da FCSC naci\u00f3 como un escaparate de los alumnos reci\u00e9n graduados en las titulaciones del centro. La web entera es un porfolio de trabajos audiovisuales. Puede resultar interesante por la capa social que incluye, con n\u00famero de visionados, valoraciones, etc., y por el filtro de trabajos que emplea para mostrar determinados elementos.<\/p>\n<p><a href=\"http:\/\/csc.uvigo.es\/acanteira\/\" target=\"_blank\" rel=\"noopener noreferrer\">http:\/\/csc.uvigo.es\/acanteira\/<\/a><\/p>\n<h2><strong>Fase Estudio<\/strong><\/h2>\n<p>Es un estudio de dise\u00f1o gr\u00e1fico ubicado en Valencia con una web promocional que muestra sus proyectos. En este caso, la base es WordPress y emplea Visual Composer como maquetador, para ofrecer un buen resultado.<\/p>\n<p><a href=\"https:\/\/fasestudio.es\" target=\"_blank\" rel=\"noopener noreferrer\">https:\/\/fasestudio.es<\/a><\/p>\n<h2><strong>Lovely Pepa<\/strong><\/h2>\n<p>Alexandra Pereira es una de las <em>instagrammers<\/em>\/blogueras de moda m\u00e1s conocidas, y su web est\u00e1 realizada con WordPress. Para el <em>e-commerce <\/em>conf\u00eda en Shopify, pero su <em>boutique<\/em> est\u00e1 realizada con WordPress, donde las im\u00e1genes redirigen a la tienda en l\u00ednea donde poder comprar el producto.<\/p>\n<p><a href=\"https:\/\/lovely-pepa.com\/myreward\/\" target=\"_blank\" rel=\"noopener noreferrer\">https:\/\/lovely-pepa.com\/myreward\/<\/a><\/p>\n<h2><strong>Paul Currah<\/strong><\/h2>\n<p>Es un dise\u00f1ador <em>freelance<\/em> con m\u00faltiples premios por su dise\u00f1o. Su web est\u00e1 realizada en WordPress y, aunque tiene mucho trabajo que un principiante no podr\u00eda lograr, es un buen ejemplo de inspiraci\u00f3n.<\/p>\n<p><a href=\"http:\/\/www.paulcurrah.com\/\" target=\"_blank\" rel=\"noopener noreferrer\">http:\/\/www.paulcurrah.com\/<\/a><\/p>\n<h2><strong>Kendra Shaeferr<\/strong><\/h2>\n<p>Es una dise\u00f1adora europea actualmente asentada en China, con una web sencilla pero eficaz. La base es WordPress y el porfolio est\u00e1 elaborado con el complemento Zenfoliopress.<\/p>\n<p><a href=\"http:\/\/www.kendraschaefer.com\/portfolio\/\" target=\"_blank\" rel=\"noopener noreferrer\">http:\/\/www.kendraschaefer.com\/portfolio\/<\/a><\/p>\n<h2><strong>Rui Barros<\/strong><\/h2>\n<p>Es un periodista de datos portugu\u00e9s que emplea su web como un porfolio de sus trabajos. A trav\u00e9s del tema \u00abSkills\u00bb, muestra todos sus trabajos y son filtrables a trav\u00e9s de un clic en los elementos del men\u00fa principal, que se corresponden con categor\u00edas de sus propias experiencias laborales.<\/p>\n<p><a href=\"http:\/\/ruimgbarros.com\/\" target=\"_blank\" rel=\"noopener noreferrer\">http:\/\/ruimgbarros.com\/<\/a><\/p>\n","protected":false},"excerpt":{"rendered":"<p>Ahora te toca trabajar a ti, pero antes de empezar, echa un vistazo e insp\u00edrate en estos dise\u00f1os. A Canteira da FCSC A Canteira da FCSC naci\u00f3 como un escaparate de los alumnos reci\u00e9n graduados en las titulaciones del centro. La web entera es un porfolio de trabajos audiovisuales. Puede resultar interesante por la capa [&hellip;]<\/p>\n","protected":false},"author":2,"featured_media":0,"parent":0,"menu_order":0,"comment_status":"closed","ping_status":"closed","template":"","meta":[],"_links":{"self":[{"href":"http:\/\/portafoli-wordpress.recursos.uoc.edu\/es\/wp-json\/wp\/v2\/pages\/269"}],"collection":[{"href":"http:\/\/portafoli-wordpress.recursos.uoc.edu\/es\/wp-json\/wp\/v2\/pages"}],"about":[{"href":"http:\/\/portafoli-wordpress.recursos.uoc.edu\/es\/wp-json\/wp\/v2\/types\/page"}],"author":[{"embeddable":true,"href":"http:\/\/portafoli-wordpress.recursos.uoc.edu\/es\/wp-json\/wp\/v2\/users\/2"}],"replies":[{"embeddable":true,"href":"http:\/\/portafoli-wordpress.recursos.uoc.edu\/es\/wp-json\/wp\/v2\/comments?post=269"}],"version-history":[{"count":2,"href":"http:\/\/portafoli-wordpress.recursos.uoc.edu\/es\/wp-json\/wp\/v2\/pages\/269\/revisions"}],"predecessor-version":[{"id":276,"href":"http:\/\/portafoli-wordpress.recursos.uoc.edu\/es\/wp-json\/wp\/v2\/pages\/269\/revisions\/276"}],"wp:attachment":[{"href":"http:\/\/portafoli-wordpress.recursos.uoc.edu\/es\/wp-json\/wp\/v2\/media?parent=269"}],"curies":[{"name":"wp","href":"https:\/\/api.w.org\/{rel}","templated":true}]}}