{"id":263,"date":"2019-07-18T18:39:48","date_gmt":"2019-07-18T16:39:48","guid":{"rendered":"http:\/\/portafoli-wordpress.recursos.uoc.edu\/?page_id=263"},"modified":"2019-09-16T13:42:15","modified_gmt":"2019-09-16T11:42:15","slug":"6-4-complementos-para-porfolios","status":"publish","type":"page","link":"http:\/\/portafoli-wordpress.recursos.uoc.edu\/es\/6-4-complementos-para-porfolios\/","title":{"rendered":"6.4. Complementos para porfolios"},"content":{"rendered":"<p>Crear un porfolio es, en realidad, una funcionalidad a\u00f1adida a WordPress, por lo que si est\u00e1s satisfecho con un tema que no tiene esa funcionalidad, siempre puedes buscar en el repositorio alg\u00fan complemento que aporte esta caracter\u00edstica que buscas para tu web.<\/p>\n<p>Como m\u00ednimo, revisa en las caracter\u00edsticas de cada complemento que cumplan los siguientes requisitos:<\/p>\n<ul>\n<li>Capacidad de mostrar una galer\u00eda de proyectos.<\/li>\n<li>Dise\u00f1o \u00abresponsive\u00bb con buena visibilidad en dispositivos m\u00f3viles.<\/li>\n<li>Funci\u00f3n de ordenado, bien sea por categor\u00eda, por nombre, por fecha de creaci\u00f3n, etc.<\/li>\n<li>Compatibilidad con la \u00faltima versi\u00f3n de WordPress que incluye el editor cl\u00e1sico (4.9), aunque es recomendable que sea compatible con Gutenberg (versi\u00f3n 5.0 y posteriores).<\/li>\n<\/ul>\n<p>Estos son algunos de los complementos que cumplen las caracter\u00edsticas descritas y que puedes encontrar f\u00e1cilmente en el repositorio oficial de <em>plugins<\/em> (\u00abPlugins &gt; A\u00f1adir nuevo\u00bb); puedes probar los siguientes:<\/p>\n<ul>\n<li><a href=\"https:\/\/es.wordpress.org\/plugins\/envira-gallery-lite\/\" target=\"_blank\" rel=\"noopener noreferrer\"><strong>Envira Gallery Lite<\/strong><\/a>: una opci\u00f3n muy interesante para una galer\u00eda fotogr\u00e1fica.<\/li>\n<li><a href=\"https:\/\/wordpress.org\/plugins\/portfolio-gallery\/\" target=\"_blank\" rel=\"noopener noreferrer\"><strong>Portfolio<\/strong><\/a>: <em>plugin<\/em> muy completo con el que podemos incluir una descripci\u00f3n y enlace al propio proyecto. Tiene versi\u00f3n <em>premium<\/em> con muchas opciones de personalizaci\u00f3n, pero las b\u00e1sicas de la opci\u00f3n gratuita son m\u00e1s que suficientes para crear una buena galer\u00eda de trabajos.<\/li>\n<li><a href=\"https:\/\/wordpress.org\/plugins\/jds-portfolio\/\" target=\"_blank\" rel=\"noopener noreferrer\"><strong>JDs Portfolio<\/strong><\/a>: una de las soluciones m\u00e1s simples y eficaces para crear un porfolio. Quiz\u00e1s el m\u00e1s f\u00e1cil de implementar de esta lista, aunque no tan personalizable como los anteriores.<\/li>\n<li><a href=\"https:\/\/wordpress.org\/plugins\/codenovo-portfolio\/installation\/\" target=\"_blank\" rel=\"noopener noreferrer\"><strong>Codenovo Portfolio<\/strong><\/a>: <em>plugin<\/em> gratuito con el que poder crear porfolios filtrables.<\/li>\n<li><a href=\"https:\/\/wordpress.org\/plugins\/responsive-filterable-portfolio\/\" target=\"_blank\" rel=\"noopener noreferrer\"><strong>Responsive Filterable Portfolio<\/strong><\/a>: a diferencia de otros, este complemento permite insertar v\u00eddeos.<\/li>\n<\/ul>\n<p>El funcionamiento de este tipo de complementos suele ser muy similar: necesitas crear una gama de categor\u00edas para agrupar los trabajos, y crear tantos proyectos como trabajos quieras incluir en el porfolio. La inclusi\u00f3n de estos en una p\u00e1gina suele hacerse mediante <em>shortcodes<\/em>.<\/p>\n<div class=\"featured featured-blue\"><p>Los <strong><em>shortcodes<\/em><\/strong> son c\u00f3digos cortos de los que se vale WordPress para llamar a unas funciones o complementos mayores. Se introducen entre corchetes [ ] y se pegar sobre el editor del art\u00edculo, p\u00e1gina o incluso <em>widget<\/em> donde queremos que aparezca la nueva funcionalidad.<\/p>\n<\/div>\n","protected":false},"excerpt":{"rendered":"<p>Crear un porfolio es, en realidad, una funcionalidad a\u00f1adida a WordPress, por lo que si est\u00e1s satisfecho con un tema que no tiene esa funcionalidad, siempre puedes buscar en el repositorio alg\u00fan complemento que aporte esta caracter\u00edstica que buscas para tu web. Como m\u00ednimo, revisa en las caracter\u00edsticas de cada complemento que cumplan los siguientes [&hellip;]<\/p>\n","protected":false},"author":2,"featured_media":0,"parent":0,"menu_order":0,"comment_status":"closed","ping_status":"closed","template":"","meta":[],"_links":{"self":[{"href":"http:\/\/portafoli-wordpress.recursos.uoc.edu\/es\/wp-json\/wp\/v2\/pages\/263"}],"collection":[{"href":"http:\/\/portafoli-wordpress.recursos.uoc.edu\/es\/wp-json\/wp\/v2\/pages"}],"about":[{"href":"http:\/\/portafoli-wordpress.recursos.uoc.edu\/es\/wp-json\/wp\/v2\/types\/page"}],"author":[{"embeddable":true,"href":"http:\/\/portafoli-wordpress.recursos.uoc.edu\/es\/wp-json\/wp\/v2\/users\/2"}],"replies":[{"embeddable":true,"href":"http:\/\/portafoli-wordpress.recursos.uoc.edu\/es\/wp-json\/wp\/v2\/comments?post=263"}],"version-history":[{"count":4,"href":"http:\/\/portafoli-wordpress.recursos.uoc.edu\/es\/wp-json\/wp\/v2\/pages\/263\/revisions"}],"predecessor-version":[{"id":921,"href":"http:\/\/portafoli-wordpress.recursos.uoc.edu\/es\/wp-json\/wp\/v2\/pages\/263\/revisions\/921"}],"wp:attachment":[{"href":"http:\/\/portafoli-wordpress.recursos.uoc.edu\/es\/wp-json\/wp\/v2\/media?parent=263"}],"curies":[{"name":"wp","href":"https:\/\/api.w.org\/{rel}","templated":true}]}}