{"id":260,"date":"2019-07-18T18:37:21","date_gmt":"2019-07-18T16:37:21","guid":{"rendered":"http:\/\/portafoli-wordpress.recursos.uoc.edu\/?page_id=260"},"modified":"2019-07-23T16:48:18","modified_gmt":"2019-07-23T14:48:18","slug":"6-3-porfolios-integrados-en-temas","status":"publish","type":"page","link":"http:\/\/portafoli-wordpress.recursos.uoc.edu\/es\/6-3-porfolios-integrados-en-temas\/","title":{"rendered":"6.3. Porfolios integrados en temas"},"content":{"rendered":"<p>Si escoges un porfolio integrado en un tema, la primera opci\u00f3n es buscar en el repositorio oficial de temas de WordPress. Si ejecutas un filtrado por caracter\u00edsticas, comprobar\u00e1s que, al final de la categor\u00eda \u00abTem\u00e1tica\u00bb, puedes aplicar un filtro de \u00abPorfolio\u00bb. As\u00ed, todos los resultados en los que navegues contemplar\u00e1n esa caracter\u00edstica en el <em>template<\/em>.<\/p>\n<figure id=\"attachment_192\" aria-describedby=\"caption-attachment-192\" style=\"width: 765px\" class=\"wp-caption alignnone\"><img loading=\"lazy\" class=\"wp-image-192 size-full\" src=\"\/wp-content\/uploads\/2019\/07\/m4352_019.jpg\" alt=\"\" width=\"765\" height=\"413\" srcset=\"\/wp-content\/uploads\/2019\/07\/m4352_019.jpg 765w, \/wp-content\/uploads\/2019\/07\/m4352_019-300x162.jpg 300w\" sizes=\"(max-width: 765px) 100vw, 765px\" \/><figcaption id=\"caption-attachment-192\" class=\"wp-caption-text\">Filtro del repositorio oficial de temas de WordPress.<br \/>Fuente: WordPress<\/figcaption><\/figure>\n<p>Algunas opciones para considerar un tema gratuito que permita crear un porfolio son:<\/p>\n<ul>\n<li><a href=\"https:\/\/wordpress.org\/themes\/rife-free\/\" target=\"_blank\" rel=\"noopener noreferrer\">Rife Free<\/a><\/li>\n<li><a href=\"https:\/\/wordpress.org\/themes\/empowerwp\/\" target=\"_blank\" rel=\"noopener noreferrer\">EmpowerWP<\/a><\/li>\n<li><a href=\"https:\/\/wordpress.org\/themes\/jinsy-magazine\/\" target=\"_blank\" rel=\"noopener noreferrer\">Jinsy Magazine<\/a><\/li>\n<li><a href=\"https:\/\/wordpress.org\/themes\/highlight\/\" target=\"_blank\" rel=\"noopener noreferrer\">Highlight<\/a><\/li>\n<\/ul>\n<p>Dado que instalar un tema de WordPress es extremadamente simple, prueba y trastea con diferentes temas hasta que te convenza alguno de ellos.<\/p>\n","protected":false},"excerpt":{"rendered":"<p>Si escoges un porfolio integrado en un tema, la primera opci\u00f3n es buscar en el repositorio oficial de temas de WordPress. Si ejecutas un filtrado por caracter\u00edsticas, comprobar\u00e1s que, al final de la categor\u00eda \u00abTem\u00e1tica\u00bb, puedes aplicar un filtro de \u00abPorfolio\u00bb. As\u00ed, todos los resultados en los que navegues contemplar\u00e1n esa caracter\u00edstica en el template. [&hellip;]<\/p>\n","protected":false},"author":2,"featured_media":0,"parent":0,"menu_order":0,"comment_status":"closed","ping_status":"closed","template":"","meta":[],"_links":{"self":[{"href":"http:\/\/portafoli-wordpress.recursos.uoc.edu\/es\/wp-json\/wp\/v2\/pages\/260"}],"collection":[{"href":"http:\/\/portafoli-wordpress.recursos.uoc.edu\/es\/wp-json\/wp\/v2\/pages"}],"about":[{"href":"http:\/\/portafoli-wordpress.recursos.uoc.edu\/es\/wp-json\/wp\/v2\/types\/page"}],"author":[{"embeddable":true,"href":"http:\/\/portafoli-wordpress.recursos.uoc.edu\/es\/wp-json\/wp\/v2\/users\/2"}],"replies":[{"embeddable":true,"href":"http:\/\/portafoli-wordpress.recursos.uoc.edu\/es\/wp-json\/wp\/v2\/comments?post=260"}],"version-history":[{"count":4,"href":"http:\/\/portafoli-wordpress.recursos.uoc.edu\/es\/wp-json\/wp\/v2\/pages\/260\/revisions"}],"predecessor-version":[{"id":403,"href":"http:\/\/portafoli-wordpress.recursos.uoc.edu\/es\/wp-json\/wp\/v2\/pages\/260\/revisions\/403"}],"wp:attachment":[{"href":"http:\/\/portafoli-wordpress.recursos.uoc.edu\/es\/wp-json\/wp\/v2\/media?parent=260"}],"curies":[{"name":"wp","href":"https:\/\/api.w.org\/{rel}","templated":true}]}}