{"id":257,"date":"2019-07-18T18:34:53","date_gmt":"2019-07-18T16:34:53","guid":{"rendered":"http:\/\/portafoli-wordpress.recursos.uoc.edu\/?page_id=257"},"modified":"2019-09-16T13:36:16","modified_gmt":"2019-09-16T11:36:16","slug":"6-2-pautas-para-estructurar-y-disenar-tu-propio-porfolio","status":"publish","type":"page","link":"http:\/\/portafoli-wordpress.recursos.uoc.edu\/es\/6-2-pautas-para-estructurar-y-disenar-tu-propio-porfolio\/","title":{"rendered":"6.2. Pautas para estructurar y dise\u00f1ar tu propio porfolio"},"content":{"rendered":"<p>Para realizar un porfolio en WordPress, puedes emplear un tema que incluya esa funcionalidad de serie y modificarlo a tu antojo, o bien puedes emplear <em>plugins<\/em> que a\u00f1adan esa posibilidad. En ambos casos, puedes tener resultados m\u00e1s o menos vistosos en un par de horas.<\/p>\n<p>Antes de seleccionar uno u otro, dedica un buen rato a hacer trabajo de mesa y estructurar en l\u00e1piz y papel (o utilizando un mapa de ideas) el contenido de tu porfolio. Piensa en los trabajos que quieres mostrar, en las categor\u00edas que necesitas para agrupar todo tu contenido, en la estructura de cada elemento, etc. Este tiempo que inviertas ahora lo ahorrar\u00e1s en los pr\u00f3ximos pasos, con creces.<\/p>\n<p>Probablemente, emplear\u00e1s im\u00e1genes u otro tipo de contenido audiovisual para mostrar tus trabajos, as\u00ed que procura tener im\u00e1genes de calidad, ya que ser\u00e1n lo que primero entre por los ojos y pueden hacer lucir o deslucir tu trabajo.<\/p>\n<p>Ojo con los textos, sobre todo aquello que tiene que ver con gram\u00e1tica, ortograf\u00eda y puntuaci\u00f3n. A nadie le gusta ver faltas de ortograf\u00eda, y son muy perjudiciales cuando uno se est\u00e1 \u00abvendiendo\u00bb a s\u00ed mismo.<\/p>\n<p>Porfolio no significa <em>grande<\/em>. Si solo tienes dos trabajos que mostrar, ser\u00e1 m\u00e1s peque\u00f1o, pero no por ello debe estar peor cuidado. Procura, eso s\u00ed, que sea un modelo escalable, con categor\u00edas en las que encajen trabajos futuros. Si tienes pocos trabajos, opta por un modelo de visualizaci\u00f3n que muestre pocos elementos en pantalla.<\/p>\n<p>Crea una plantilla de bloques que se ajuste a la mayor parte de trabajos posibles. Por ejemplo: un modelo de dos columnas, donde:<\/p>\n<ul>\n<li>La columna derecha lleve una imagen del proyecto y un pie de foto.<\/li>\n<li>La columna de la derecha lleve un t\u00edtulo con el nombre del proyecto, una breve descripci\u00f3n del mismo, la fecha de ejecuci\u00f3n y los logros conseguidos.<\/li>\n<\/ul>\n<p>Con una plantilla para cada elemento, trabajar\u00e1s mucho m\u00e1s r\u00e1pido; con el complemento \u00abMachete\u00bb (ya hablamos de \u00e9l en el apartado <a href=\"http:\/\/portafoli-wordpress.recursos.uoc.edu\/es\/5-3-complementos-de-optimizacion\/\" target=\"_blank\" rel=\"noopener noreferrer\">\u00abComplementos de optimizaci\u00f3n\u00bb<\/a>) puedes clonar la p\u00e1gina o entrada y editar un nuevo elemento sin tener que maquetarlo de nuevo.<\/p>\n","protected":false},"excerpt":{"rendered":"<p>Para realizar un porfolio en WordPress, puedes emplear un tema que incluya esa funcionalidad de serie y modificarlo a tu antojo, o bien puedes emplear plugins que a\u00f1adan esa posibilidad. En ambos casos, puedes tener resultados m\u00e1s o menos vistosos en un par de horas. Antes de seleccionar uno u otro, dedica un buen rato [&hellip;]<\/p>\n","protected":false},"author":2,"featured_media":0,"parent":0,"menu_order":0,"comment_status":"closed","ping_status":"closed","template":"","meta":[],"_links":{"self":[{"href":"http:\/\/portafoli-wordpress.recursos.uoc.edu\/es\/wp-json\/wp\/v2\/pages\/257"}],"collection":[{"href":"http:\/\/portafoli-wordpress.recursos.uoc.edu\/es\/wp-json\/wp\/v2\/pages"}],"about":[{"href":"http:\/\/portafoli-wordpress.recursos.uoc.edu\/es\/wp-json\/wp\/v2\/types\/page"}],"author":[{"embeddable":true,"href":"http:\/\/portafoli-wordpress.recursos.uoc.edu\/es\/wp-json\/wp\/v2\/users\/2"}],"replies":[{"embeddable":true,"href":"http:\/\/portafoli-wordpress.recursos.uoc.edu\/es\/wp-json\/wp\/v2\/comments?post=257"}],"version-history":[{"count":4,"href":"http:\/\/portafoli-wordpress.recursos.uoc.edu\/es\/wp-json\/wp\/v2\/pages\/257\/revisions"}],"predecessor-version":[{"id":917,"href":"http:\/\/portafoli-wordpress.recursos.uoc.edu\/es\/wp-json\/wp\/v2\/pages\/257\/revisions\/917"}],"wp:attachment":[{"href":"http:\/\/portafoli-wordpress.recursos.uoc.edu\/es\/wp-json\/wp\/v2\/media?parent=257"}],"curies":[{"name":"wp","href":"https:\/\/api.w.org\/{rel}","templated":true}]}}