{"id":253,"date":"2019-07-18T18:32:32","date_gmt":"2019-07-18T16:32:32","guid":{"rendered":"http:\/\/portafoli-wordpress.recursos.uoc.edu\/?page_id=253"},"modified":"2019-07-22T13:30:18","modified_gmt":"2019-07-22T11:30:18","slug":"6-1-introduccion","status":"publish","type":"page","link":"http:\/\/portafoli-wordpress.recursos.uoc.edu\/es\/6-1-introduccion\/","title":{"rendered":"6.1. Introducci\u00f3n"},"content":{"rendered":"<p>WordPress es una herramienta muy vers\u00e1til para crear cualquier tipo de contenido y cualquier tipo de web. S\u00ed, cualquier tipo de web. <a href=\"https:\/\/www.nytimes.com\/\" target=\"_blank\" rel=\"noopener noreferrer\">The New York Times<\/a>, <a href=\"http:\/\/time.com\/\" target=\"_blank\" rel=\"noopener noreferrer\">Time Magazine<\/a>, <a href=\"https:\/\/people.com\/\" target=\"_blank\" rel=\"noopener noreferrer\">People<\/a> o <a href=\"https:\/\/www.spotify.com\/es\/\" target=\"_blank\" rel=\"noopener noreferrer\">Spotify<\/a> son ejemplos de webs que reciben entre miles y millones de visitas mensuales y funcionan con el motor de WordPress.<\/p>\n<p>Un uso interesante para WordPress est\u00e1 relacionado con la autopromoci\u00f3n o la difusi\u00f3n de contenidos propios. Si bien es cierto que a trav\u00e9s de otras plataformas a tal efecto \u2013como <a href=\"https:\/\/www.behance.net\/\" target=\"_blank\" rel=\"noopener noreferrer\">Behance<\/a> o <a href=\"https:\/\/www.linkedin.com\/\" target=\"_blank\" rel=\"noopener noreferrer\">LinkedIn<\/a>\u2013 puedes crear muy f\u00e1cilmente un porfolio personalizado y visualmente atractivo, solo con soluciones de software libre (como WordPress) ser\u00e1s due\u00f1o de tus propios datos.<\/p>\n<p>Realizar un porfolio en WordPress es una buena idea porque funciona como una tarjeta de presentaci\u00f3n hipervitaminada. Con todo, antes de ponerte manos a la obra, es necesario realizar un poco de \u00abtrabajo de mesa\u00bb y pensar en las caracter\u00edsticas de tu porfolio.<\/p>\n<p>&nbsp;<\/p>\n","protected":false},"excerpt":{"rendered":"<p>WordPress es una herramienta muy vers\u00e1til para crear cualquier tipo de contenido y cualquier tipo de web. S\u00ed, cualquier tipo de web. The New York Times, Time Magazine, People o Spotify son ejemplos de webs que reciben entre miles y millones de visitas mensuales y funcionan con el motor de WordPress. Un uso interesante para [&hellip;]<\/p>\n","protected":false},"author":2,"featured_media":0,"parent":0,"menu_order":0,"comment_status":"closed","ping_status":"closed","template":"","meta":[],"_links":{"self":[{"href":"http:\/\/portafoli-wordpress.recursos.uoc.edu\/es\/wp-json\/wp\/v2\/pages\/253"}],"collection":[{"href":"http:\/\/portafoli-wordpress.recursos.uoc.edu\/es\/wp-json\/wp\/v2\/pages"}],"about":[{"href":"http:\/\/portafoli-wordpress.recursos.uoc.edu\/es\/wp-json\/wp\/v2\/types\/page"}],"author":[{"embeddable":true,"href":"http:\/\/portafoli-wordpress.recursos.uoc.edu\/es\/wp-json\/wp\/v2\/users\/2"}],"replies":[{"embeddable":true,"href":"http:\/\/portafoli-wordpress.recursos.uoc.edu\/es\/wp-json\/wp\/v2\/comments?post=253"}],"version-history":[{"count":3,"href":"http:\/\/portafoli-wordpress.recursos.uoc.edu\/es\/wp-json\/wp\/v2\/pages\/253\/revisions"}],"predecessor-version":[{"id":366,"href":"http:\/\/portafoli-wordpress.recursos.uoc.edu\/es\/wp-json\/wp\/v2\/pages\/253\/revisions\/366"}],"wp:attachment":[{"href":"http:\/\/portafoli-wordpress.recursos.uoc.edu\/es\/wp-json\/wp\/v2\/media?parent=253"}],"curies":[{"name":"wp","href":"https:\/\/api.w.org\/{rel}","templated":true}]}}