{"id":250,"date":"2019-07-18T18:30:27","date_gmt":"2019-07-18T16:30:27","guid":{"rendered":"http:\/\/portafoli-wordpress.recursos.uoc.edu\/?page_id=250"},"modified":"2019-07-23T17:14:37","modified_gmt":"2019-07-23T15:14:37","slug":"5-5-complementos-para-gutenberg","status":"publish","type":"page","link":"http:\/\/portafoli-wordpress.recursos.uoc.edu\/es\/5-5-complementos-para-gutenberg\/","title":{"rendered":"5.5. Complementos para Gutenberg"},"content":{"rendered":"<div class=\"featured featured-blue\"><p>Adem\u00e1s de las opciones que vienen por defecto, hay varios <em>plugins<\/em> que a\u00f1aden nuevos bloques para hacer dise\u00f1os a\u00fan m\u00e1s completos.<\/p>\n<\/div>\n<p>Algunas de las recomendaciones para ampliar funciones son las siguientes:<\/p>\n<ul>\n<li><strong><a href=\"https:\/\/es.wordpress.org\/plugins\/atomic-blocks\/\" target=\"_blank\" rel=\"noopener noreferrer\">Atomic Blocks<\/a><\/strong>: un <em>plugin<\/em>, pero tambi\u00e9n tiene un <a href=\"https:\/\/wordpress.org\/themes\/atomic-blocks\/\" target=\"_blank\" rel=\"noopener noreferrer\">tema optimizado<\/a> para una personalizaci\u00f3n completa con el editor de bloques. El complemento a\u00f1ade nuevos bloques.<\/li>\n<li><a href=\"https:\/\/es.wordpress.org\/plugins\/stackable-ultimate-gutenberg-blocks\/\" target=\"_blank\" rel=\"noopener noreferrer\"><strong>Stackable &#8211; Gutenberg Blocks<\/strong><\/a>: a\u00f1ade nuevos bloques de contenido, de tem\u00e1tica variada.<\/li>\n<li><a href=\"https:\/\/es.wordpress.org\/plugins\/block-gallery\/\" target=\"_blank\" rel=\"noopener noreferrer\"><strong>Block Gallery<\/strong><\/a>: a\u00f1ade bloques espec\u00edficos para introducir un pasador de diapositivas o galer\u00eda de fotos.<\/li>\n<li><a href=\"https:\/\/es.wordpress.org\/plugins\/ultimate-addons-for-gutenberg\/\" target=\"_blank\" rel=\"noopener noreferrer\"><strong>Gutenberg Blocks &#8211; Ultimate Addons for Gutenberg<\/strong><\/a>: tambi\u00e9n a\u00f1ade nuevos bloques de contenido, de tem\u00e1tica variada.<\/li>\n<li><a href=\"https:\/\/es.wordpress.org\/plugins\/design\/\" target=\"_blank\" rel=\"noopener noreferrer\"><strong>Gutenberg Blocks Design Library<\/strong><\/a>: este complemento a\u00f1ade una librer\u00eda de 50 dise\u00f1os prefabricados para importar directamente a una p\u00e1gina o entrada y modificar para adaptar nuestro contenido. Es muy \u00fatil, porque podemos arrastrar varios dise\u00f1os para componer nuestro contenido y sustituir im\u00e1genes, textos, enlaces, etc. para personalizar nuestro dise\u00f1o.<\/li>\n<li><a href=\"https:\/\/wordpress.org\/plugins\/stylist\/\" target=\"_blank\" rel=\"noopener noreferrer\"><strong>Extra Block Design<\/strong><\/a>: un complemento ideal para editar en vivo el aspecto gr\u00e1fico (CSS) de nuestra web sin necesidad de saber programar.<\/li>\n<\/ul>\n","protected":false},"excerpt":{"rendered":"<p>Algunas de las recomendaciones para ampliar funciones son las siguientes: Atomic Blocks: un plugin, pero tambi\u00e9n tiene un tema optimizado para una personalizaci\u00f3n completa con el editor de bloques. El complemento a\u00f1ade nuevos bloques. Stackable &#8211; Gutenberg Blocks: a\u00f1ade nuevos bloques de contenido, de tem\u00e1tica variada. Block Gallery: a\u00f1ade bloques espec\u00edficos para introducir un pasador [&hellip;]<\/p>\n","protected":false},"author":2,"featured_media":0,"parent":0,"menu_order":0,"comment_status":"closed","ping_status":"closed","template":"","meta":[],"_links":{"self":[{"href":"http:\/\/portafoli-wordpress.recursos.uoc.edu\/es\/wp-json\/wp\/v2\/pages\/250"}],"collection":[{"href":"http:\/\/portafoli-wordpress.recursos.uoc.edu\/es\/wp-json\/wp\/v2\/pages"}],"about":[{"href":"http:\/\/portafoli-wordpress.recursos.uoc.edu\/es\/wp-json\/wp\/v2\/types\/page"}],"author":[{"embeddable":true,"href":"http:\/\/portafoli-wordpress.recursos.uoc.edu\/es\/wp-json\/wp\/v2\/users\/2"}],"replies":[{"embeddable":true,"href":"http:\/\/portafoli-wordpress.recursos.uoc.edu\/es\/wp-json\/wp\/v2\/comments?post=250"}],"version-history":[{"count":2,"href":"http:\/\/portafoli-wordpress.recursos.uoc.edu\/es\/wp-json\/wp\/v2\/pages\/250\/revisions"}],"predecessor-version":[{"id":425,"href":"http:\/\/portafoli-wordpress.recursos.uoc.edu\/es\/wp-json\/wp\/v2\/pages\/250\/revisions\/425"}],"wp:attachment":[{"href":"http:\/\/portafoli-wordpress.recursos.uoc.edu\/es\/wp-json\/wp\/v2\/media?parent=250"}],"curies":[{"name":"wp","href":"https:\/\/api.w.org\/{rel}","templated":true}]}}