{"id":247,"date":"2019-07-18T18:28:11","date_gmt":"2019-07-18T16:28:11","guid":{"rendered":"http:\/\/portafoli-wordpress.recursos.uoc.edu\/?page_id=247"},"modified":"2019-07-23T16:46:27","modified_gmt":"2019-07-23T14:46:27","slug":"5-4-complementos-para-crear-copias-de-seguridad","status":"publish","type":"page","link":"http:\/\/portafoli-wordpress.recursos.uoc.edu\/es\/5-4-complementos-para-crear-copias-de-seguridad\/","title":{"rendered":"5.4. Complementos para crear copias de seguridad"},"content":{"rendered":"<p>Como vimos en los ajustes b\u00e1sicos, en \u00abHerramientas &gt; Exportar\u00bb podemos hacer una exportaci\u00f3n de los contenidos que tenemos en una web, pero esta exportaci\u00f3n no almacena la configuraci\u00f3n del aspecto gr\u00e1fico, ni los complementos instalados, ni los usuarios existentes en esa web. Debido a ello, aconsejo emplear m\u00e9todos de creaci\u00f3n de copias de seguridad o <em>backups<\/em> completos.<\/p>\n<p>Habitualmente, los <em>hostings<\/em> proveen de sistemas de autoguardado de copias de seguridad, de forma que, si la web se ha visto comprometida o se ha roto, es sencillo volver a un estado anterior desde el \u00abcPanel\u00bb.<\/p>\n<p>Para hacer una copia de seguridad manual, es necesario guardar los archivos f\u00edsicos de WordPress situados en el <em>hosting<\/em>, y exportar la base de datos desde el editor de bases de datos. No obstante, hay soluciones en forma de complementos que permiten hacer copias de seguridad de forma sencilla con varios clics.<\/p>\n<p>Mediante el <em>plugin<\/em> <a href=\"https:\/\/wordpress.org\/plugins\/all-in-one-wp-migration\/\" target=\"_blank\" rel=\"noopener noreferrer\">All-in-One WP Migration<\/a> podemos hacer copias de seguridad con dos simples pasos para tener un respaldo o migrar nuestra web a otro servidor. Aunque apuesta por el modelo de negocio <em>freemium<\/em>, la versi\u00f3n gratuita permite exportar sitios web de hasta 800 Mb (un tama\u00f1o razonable) desde la opci\u00f3n \u00abExportar a &gt; Archivo\u00bb. Si empleamos la opci\u00f3n de pago (99 $), se pueden exportar las copias de seguridad a la nube.<\/p>\n<p>La ventaja de esta copia de seguridad frente al exportador de WordPress es que el archivo de exportaci\u00f3n contiene todos los documentos y contenidos de la base de datos, as\u00ed como complementos, usuarios y configuraciones de la web que respaldas.<\/p>\n<p>Para importar una copia de seguridad, se instala este complemento en el WordPress de destino, se ejecuta el asistente de importaci\u00f3n y se selecciona la copia de seguridad previamente realizada.<\/p>\n<figure id=\"attachment_204\" aria-describedby=\"caption-attachment-204\" style=\"width: 765px\" class=\"wp-caption alignnone\"><img loading=\"lazy\" class=\"wp-image-204 size-full\" src=\"\/wp-content\/uploads\/2019\/07\/m4352_018.jpg\" alt=\"\" width=\"765\" height=\"430\" srcset=\"\/wp-content\/uploads\/2019\/07\/m4352_018.jpg 765w, \/wp-content\/uploads\/2019\/07\/m4352_018-300x169.jpg 300w\" sizes=\"(max-width: 765px) 100vw, 765px\" \/><figcaption id=\"caption-attachment-204\" class=\"wp-caption-text\">Vista del complemento All-in-One WP Migration.<br \/>Fuente: WordPress<\/figcaption><\/figure>\n<p>Otra opci\u00f3n para crear copias de seguridad es <a href=\"https:\/\/wordpress.org\/plugins\/duplicator\/\" target=\"_blank\" rel=\"noopener noreferrer\">Duplicator<\/a>.<\/p>\n","protected":false},"excerpt":{"rendered":"<p>Como vimos en los ajustes b\u00e1sicos, en \u00abHerramientas &gt; Exportar\u00bb podemos hacer una exportaci\u00f3n de los contenidos que tenemos en una web, pero esta exportaci\u00f3n no almacena la configuraci\u00f3n del aspecto gr\u00e1fico, ni los complementos instalados, ni los usuarios existentes en esa web. Debido a ello, aconsejo emplear m\u00e9todos de creaci\u00f3n de copias de seguridad [&hellip;]<\/p>\n","protected":false},"author":2,"featured_media":0,"parent":0,"menu_order":0,"comment_status":"closed","ping_status":"closed","template":"","meta":[],"_links":{"self":[{"href":"http:\/\/portafoli-wordpress.recursos.uoc.edu\/es\/wp-json\/wp\/v2\/pages\/247"}],"collection":[{"href":"http:\/\/portafoli-wordpress.recursos.uoc.edu\/es\/wp-json\/wp\/v2\/pages"}],"about":[{"href":"http:\/\/portafoli-wordpress.recursos.uoc.edu\/es\/wp-json\/wp\/v2\/types\/page"}],"author":[{"embeddable":true,"href":"http:\/\/portafoli-wordpress.recursos.uoc.edu\/es\/wp-json\/wp\/v2\/users\/2"}],"replies":[{"embeddable":true,"href":"http:\/\/portafoli-wordpress.recursos.uoc.edu\/es\/wp-json\/wp\/v2\/comments?post=247"}],"version-history":[{"count":3,"href":"http:\/\/portafoli-wordpress.recursos.uoc.edu\/es\/wp-json\/wp\/v2\/pages\/247\/revisions"}],"predecessor-version":[{"id":401,"href":"http:\/\/portafoli-wordpress.recursos.uoc.edu\/es\/wp-json\/wp\/v2\/pages\/247\/revisions\/401"}],"wp:attachment":[{"href":"http:\/\/portafoli-wordpress.recursos.uoc.edu\/es\/wp-json\/wp\/v2\/media?parent=247"}],"curies":[{"name":"wp","href":"https:\/\/api.w.org\/{rel}","templated":true}]}}