{"id":227,"date":"2019-07-18T18:06:08","date_gmt":"2019-07-18T16:06:08","guid":{"rendered":"http:\/\/portafoli-wordpress.recursos.uoc.edu\/?page_id=227"},"modified":"2019-07-23T16:43:34","modified_gmt":"2019-07-23T14:43:34","slug":"4-4-widgets","status":"publish","type":"page","link":"http:\/\/portafoli-wordpress.recursos.uoc.edu\/es\/4-4-widgets\/","title":{"rendered":"4.4. <em>Widgets<\/em>"},"content":{"rendered":"<p>Los <strong><em>widgets<\/em><\/strong> de WordPress son peque\u00f1as piezas de software que agregan contenido o caracter\u00edsticas a las barras laterales, \u00e1reas de pie de p\u00e1gina o \u00e1reas de cabecera de p\u00e1gina (la ubicaci\u00f3n de este tipo de barras o \u00e1reas depende de las caracter\u00edsticas del tema activo).<\/p>\n<p>La gesti\u00f3n de este tipo de piezas se realiza desde el apartado \u00abApariencia &gt; Widgets\u00bb, donde aparecen los <em>widgets<\/em> que trae de serie WordPress (relacionados normalmente con el contenido, como un men\u00fa, la funci\u00f3n de b\u00fasqueda interna) y los que puedan estar asociados a un complemento externo (relacionados normalmente con funcionalidades, como un selector de fechas para un motor de reservas, o un selector de idiomas para cambiar el idioma de la p\u00e1gina).<\/p>\n<figure id=\"attachment_212\" aria-describedby=\"caption-attachment-212\" style=\"width: 765px\" class=\"wp-caption alignnone\"><img loading=\"lazy\" class=\"wp-image-212 size-full\" src=\"\/wp-content\/uploads\/2019\/07\/m4352_015.jpg\" alt=\"\" width=\"765\" height=\"406\" srcset=\"\/wp-content\/uploads\/2019\/07\/m4352_015.jpg 765w, \/wp-content\/uploads\/2019\/07\/m4352_015-300x159.jpg 300w\" sizes=\"(max-width: 765px) 100vw, 765px\" \/><figcaption id=\"caption-attachment-212\" class=\"wp-caption-text\">\u00c1rea de gesti\u00f3n de <em>widgets<\/em> en WordPress.<br \/>Fuente: WordPress<\/figcaption><\/figure>\n<p>La gesti\u00f3n de <em>widgets<\/em> en WordPress es, probablemente, de las pocas funciones que no requieren un guardado previo, ya que cada vez que arrastramos un <em>widget<\/em> a una barra, se activa.<\/p>\n<p>&nbsp;<\/p>\n","protected":false},"excerpt":{"rendered":"<p>Los widgets de WordPress son peque\u00f1as piezas de software que agregan contenido o caracter\u00edsticas a las barras laterales, \u00e1reas de pie de p\u00e1gina o \u00e1reas de cabecera de p\u00e1gina (la ubicaci\u00f3n de este tipo de barras o \u00e1reas depende de las caracter\u00edsticas del tema activo). La gesti\u00f3n de este tipo de piezas se realiza desde [&hellip;]<\/p>\n","protected":false},"author":2,"featured_media":0,"parent":0,"menu_order":0,"comment_status":"closed","ping_status":"closed","template":"","meta":[],"_links":{"self":[{"href":"http:\/\/portafoli-wordpress.recursos.uoc.edu\/es\/wp-json\/wp\/v2\/pages\/227"}],"collection":[{"href":"http:\/\/portafoli-wordpress.recursos.uoc.edu\/es\/wp-json\/wp\/v2\/pages"}],"about":[{"href":"http:\/\/portafoli-wordpress.recursos.uoc.edu\/es\/wp-json\/wp\/v2\/types\/page"}],"author":[{"embeddable":true,"href":"http:\/\/portafoli-wordpress.recursos.uoc.edu\/es\/wp-json\/wp\/v2\/users\/2"}],"replies":[{"embeddable":true,"href":"http:\/\/portafoli-wordpress.recursos.uoc.edu\/es\/wp-json\/wp\/v2\/comments?post=227"}],"version-history":[{"count":6,"href":"http:\/\/portafoli-wordpress.recursos.uoc.edu\/es\/wp-json\/wp\/v2\/pages\/227\/revisions"}],"predecessor-version":[{"id":398,"href":"http:\/\/portafoli-wordpress.recursos.uoc.edu\/es\/wp-json\/wp\/v2\/pages\/227\/revisions\/398"}],"wp:attachment":[{"href":"http:\/\/portafoli-wordpress.recursos.uoc.edu\/es\/wp-json\/wp\/v2\/media?parent=227"}],"curies":[{"name":"wp","href":"https:\/\/api.w.org\/{rel}","templated":true}]}}