{"id":224,"date":"2019-07-18T18:02:32","date_gmt":"2019-07-18T16:02:32","guid":{"rendered":"http:\/\/portafoli-wordpress.recursos.uoc.edu\/?page_id=224"},"modified":"2019-07-24T17:25:01","modified_gmt":"2019-07-24T15:25:01","slug":"4-3-temas","status":"publish","type":"page","link":"http:\/\/portafoli-wordpress.recursos.uoc.edu\/es\/4-3-temas\/","title":{"rendered":"4.3. Temas"},"content":{"rendered":"<div class=\"featured featured-blue\"><p>Los <strong>temas<\/strong>, <em>templates<\/em> o <em>themes<\/em> son un conjunto de archivos que configuran todo el conjunto visual de tu web.<\/p>\n<\/div>\n<p>No afectan a los contenidos, pero s\u00ed a la disposici\u00f3n de estos en la pantalla y a la forma en que se ver\u00e1n presentados los mismos: ubicaci\u00f3n, efectos, forma, tama\u00f1o, color, etc., o sea, todo lo relativo a la apariencia gr\u00e1fica se ve afectado por un tema concreto.<\/p>\n<p>La pesta\u00f1a \u00abTemas\u00bb te permite navegar entre cientos de apariencias gr\u00e1ficas diferentes para tu web. Utiliza el \u00abfiltro por caracter\u00edsticas\u00bb para buscar una apariencia que se ajuste a lo que quieres contar con tu p\u00e1gina web. Instalar una nueva apariencia gr\u00e1fica es tan sencillo como pulsar el bot\u00f3n \u00abInstalar\u00bb y \u00abActivar\u00bb para que la web luzca con un nuevo aspecto gr\u00e1fico.<\/p>\n<h2>\u00bfQu\u00e9 tipos de temas existen?<\/h2>\n<ul>\n<li>El <a href=\"https:\/\/es.wordpress.org\/themes\/\" target=\"_blank\" rel=\"noopener noreferrer\"><strong>repositorio oficial<\/strong><\/a> alberga alrededor de 7.000 (todos gratuitos) y cumplen ciertos est\u00e1ndares de calidad. Es la primera opci\u00f3n de b\u00fasqueda, pero es dif\u00edcil encontrar a veces algo que encaje con lo que queremos contar con nuestra web. Con todo, la secci\u00f3n de populares es muy \u00fatil, as\u00ed como los del desarrollador sueco <a href=\"https:\/\/www.andersnoren.se\/teman\/\" target=\"_blank\" rel=\"noopener noreferrer\">Anders Nor\u00e9n<\/a>, que son sencillos pero funcionan muy bien.<\/li>\n<li>Los <strong>temas <em>premium<\/em> y temas multiprop\u00f3sito<\/strong>, como los que podemos encontrar en plataformas como <a href=\"https:\/\/themeforest.net\/category\/wordpress\" target=\"_blank\" rel=\"noopener noreferrer\">ThemeForest<\/a>. Ojo con instalar un tema por una funcionalidad concreta (eso es cosa de <em>plugins<\/em> que suelen venir preinstalados) o escoger temas con cientos de caracter\u00edsticas si no las vamos a emplear (ralentizan la web).<\/li>\n<li>Los <strong>temas <em>starter <\/em>y temas <em>framework<\/em><\/strong>, muy \u00fatiles para desarrollar un tema desde cero, como por ejemplo <a href=\"https:\/\/underscores.me\/\" target=\"_blank\" rel=\"noopener noreferrer\">Underscores<\/a>. O temas <em>framework<\/em> que te permiten trabajar con muchos otros temas basados en \u00e9l, como <a href=\"https:\/\/my.studiopress.com\/themes\/genesis\/\" target=\"_blank\" rel=\"noopener noreferrer\">Genesis Framework<\/a>.<\/li>\n<li>Los <strong>temas padre y los temas hijos<\/strong>, muy recomendables si vamos a hacer modificaciones de c\u00f3digo en un tema que estemos utilizando (de esta manera evitamos que la actualizaci\u00f3n del tema padre sobrescriba nuestros cambios). Puedes ampliar la informaci\u00f3n sobre temas hijos en la siguiente <a href=\"http:\/\/wordpress.tv\/2017\/05\/16\/carla-saiz-jimenez-mi-primer-parto-en-wordpress-no-hacen-falta-9-meses-para-tener-un-hijo-tan-sol\/\" target=\"_blank\" rel=\"noopener noreferrer\">charla<\/a>.<\/li>\n<li>Los <strong>temas con maquetadores visuales incluidos<\/strong> son temas que tienen ciertas estructuras, pero despu\u00e9s a\u00f1aden una herramienta para maquetar arrastrando y soltando casi todas las p\u00e1ginas de tu web. Hay diferentes maquetadores, como es el caso de Gutenberg.<\/li>\n<li>Los <strong>temas a medida<\/strong>, normalmente creados por profesionales junto con dise\u00f1adores y que se ajustan a la necesidad 100% y a los requerimientos del proyecto o cliente. Son m\u00e1s caros que cualquier otra opci\u00f3n. Si quieres crear tu propio tema, te recomiendo este amplio <a href=\"https:\/\/ciudadanob.com\/blog\/2017\/05\/25\/crear-tema-wordpress\/\" target=\"_blank\" rel=\"noopener noreferrer\">art\u00edculo<\/a> sobre qu\u00e9 hay que tener en cuenta y c\u00f3mo empezar.<\/li>\n<li>El\u00a0<strong>efecto <em>lock-in<\/em> en temas<\/strong> (y tambi\u00e9n en <em>plugins<\/em>) es algo que tenemos que tener en cuenta. Quiere decir que si utilizamos algunas tecnolog\u00edas, herramientas o temas, si queremos cambiar a otra, no pasa autom\u00e1ticamente de una a otra, sino que nos quedamos con c\u00f3digos cortos, funcionalidades ocultas, etc. En el <a href=\"https:\/\/lualouro.com\/efecto-lock-in-en-plugins-temas-wordpress\/\" target=\"_blank\" rel=\"noopener noreferrer\">art\u00edculo de L\u00faa Louro<\/a> est\u00e1 bien explicado.<\/li>\n<\/ul>\n<p>Mi consejo es que, para empezar, utilices un tema gratuito que se ajuste a lo que quieres contar con tu web. Por ejemplo, te recomiendo probar el tema <a href=\"https:\/\/wordpress.org\/themes\/atomic-blocks\/\" target=\"_blank\" rel=\"noopener noreferrer\">Atomic Blocks<\/a>, que est\u00e1 optimizado para Gutenberg y es muy sencillo, ligero y funcional.<\/p>\n<p>Ten en cuenta que cada tema no solo modifica la apariencia gr\u00e1fica de todo tu sitio web, sino que es habitual que altere la ubicaci\u00f3n de los men\u00fas, las diferentes barras laterales o \u00e1reas que existan en tu web, los atributos espec\u00edficos de las p\u00e1ginas, etc. Ten en cuenta todo esto cuando elijas el tema. Por eso, insisto, elige el tema en funci\u00f3n de tu narrativa web \u2013lo que dices o quieres decir\u2013 y no sobre las funcionalidades de la web (eso se consigue a trav\u00e9s de complementos).<\/p>\n","protected":false},"excerpt":{"rendered":"<p>No afectan a los contenidos, pero s\u00ed a la disposici\u00f3n de estos en la pantalla y a la forma en que se ver\u00e1n presentados los mismos: ubicaci\u00f3n, efectos, forma, tama\u00f1o, color, etc., o sea, todo lo relativo a la apariencia gr\u00e1fica se ve afectado por un tema concreto. La pesta\u00f1a \u00abTemas\u00bb te permite navegar entre [&hellip;]<\/p>\n","protected":false},"author":2,"featured_media":0,"parent":0,"menu_order":0,"comment_status":"closed","ping_status":"closed","template":"","meta":[],"_links":{"self":[{"href":"http:\/\/portafoli-wordpress.recursos.uoc.edu\/es\/wp-json\/wp\/v2\/pages\/224"}],"collection":[{"href":"http:\/\/portafoli-wordpress.recursos.uoc.edu\/es\/wp-json\/wp\/v2\/pages"}],"about":[{"href":"http:\/\/portafoli-wordpress.recursos.uoc.edu\/es\/wp-json\/wp\/v2\/types\/page"}],"author":[{"embeddable":true,"href":"http:\/\/portafoli-wordpress.recursos.uoc.edu\/es\/wp-json\/wp\/v2\/users\/2"}],"replies":[{"embeddable":true,"href":"http:\/\/portafoli-wordpress.recursos.uoc.edu\/es\/wp-json\/wp\/v2\/comments?post=224"}],"version-history":[{"count":8,"href":"http:\/\/portafoli-wordpress.recursos.uoc.edu\/es\/wp-json\/wp\/v2\/pages\/224\/revisions"}],"predecessor-version":[{"id":697,"href":"http:\/\/portafoli-wordpress.recursos.uoc.edu\/es\/wp-json\/wp\/v2\/pages\/224\/revisions\/697"}],"wp:attachment":[{"href":"http:\/\/portafoli-wordpress.recursos.uoc.edu\/es\/wp-json\/wp\/v2\/media?parent=224"}],"curies":[{"name":"wp","href":"https:\/\/api.w.org\/{rel}","templated":true}]}}