{"id":221,"date":"2019-07-18T17:58:58","date_gmt":"2019-07-18T15:58:58","guid":{"rendered":"http:\/\/portafoli-wordpress.recursos.uoc.edu\/?page_id=221"},"modified":"2019-08-18T13:50:39","modified_gmt":"2019-08-18T11:50:39","slug":"4-2-menus","status":"publish","type":"page","link":"http:\/\/portafoli-wordpress.recursos.uoc.edu\/es\/4-2-menus\/","title":{"rendered":"4.2. Men\u00fas"},"content":{"rendered":"<div class=\"featured featured-blue\"><p>La funci\u00f3n \u00abMen\u00fas\u00bb permite personalizar cada uno de los diferentes men\u00fas de una p\u00e1gina web.<\/p>\n<\/div>\n<p>Lo habitual es tener, al menos, un men\u00fa principal de navegaci\u00f3n, conformado por las diferentes secciones de nuestra web, pero puedes tener m\u00faltiples men\u00fas de navegaci\u00f3n que asocias, por ejemplo, a determinadas p\u00e1ginas.<\/p>\n<figure id=\"attachment_238\" aria-describedby=\"caption-attachment-238\" style=\"width: 720px\" class=\"wp-caption alignnone\"><img loading=\"lazy\" class=\"wp-image-238 size-full\" src=\"\/wp-content\/uploads\/2019\/07\/m4352_014.jpg\" alt=\"\" width=\"720\" height=\"405\" srcset=\"\/wp-content\/uploads\/2019\/07\/m4352_014.jpg 720w, \/wp-content\/uploads\/2019\/07\/m4352_014-300x169.jpg 300w\" sizes=\"(max-width: 720px) 100vw, 720px\" \/><figcaption id=\"caption-attachment-238\" class=\"wp-caption-text\">Elementos necesarios para la creaci\u00f3n de un men\u00fa en WordPress.<br \/>Fuente: elaboraci\u00f3n propia<\/figcaption><\/figure>\n<p>Una vez creado el men\u00fa (1), es preciso asignarle los elementos que debe contener. Un men\u00fa principal suele estar compuesto por contenido est\u00e1tico, por lo que puedes seleccionar las p\u00e1ginas que tengas creadas (2) y a\u00f1adirlas a tu men\u00fa empleando el bot\u00f3n con el mismo nombre (3).<\/p>\n<p>Un men\u00fa no solo puede contener p\u00e1ginas sino que, por defecto, podemos introducir alguna entrada concreta, una categor\u00eda propia (el enlace mostrar\u00e1 todas las entradas que tengan esa categor\u00eda) o enlaces personalizados, que nos permiten crear elementos del men\u00fa vinculados a otro contenido interno (un medio audiovisual, por ejemplo) o externo (otra p\u00e1gina web diferente a la propia).<\/p>\n<div class=\"featured featured-grey\"><p>Los elementos que pueden contener un men\u00fa suelen crecer con la instalaci\u00f3n de nuevos complementos. As\u00ed, un complemento que permita hacer webs multiling\u00fces permitir\u00e1 introducir en la secci\u00f3n de men\u00fas un \u00abselector de idiomas\u00bb.<\/p>\n<\/div>\n<p>Cada vez que pulsas el bot\u00f3n \u00abA\u00f1adir al men\u00fa\u00bb, aparece en la parte derecha un nuevo elemento. Los elementos de ese men\u00fa pueden ordenarse y reordenarse en varios sentidos (4):<\/p>\n<ul>\n<li>Con un arrastre vertical hacia arriba o hacia abajo se alterna el orden de los elementos (el elemento superior aparece primero).<\/li>\n<li>Con un arrastre horizontal hacia la derecha o izquierda anidaremos o desanidaremos contenidos. Un contenido anidado tiene un efecto de \u00absangr\u00eda\u00bb con respecto al contenido del que depende, y en la vista <em>FrontEnd<\/em> de la web aparecen cuando el rat\u00f3n se coloca sobre el elemento del que depende.<\/li>\n<\/ul>\n<div class=\"featured featured-blue\"><p><strong>\u00a1Importante!<\/strong><\/p>\n<p>Activa la opci\u00f3n \u00abPrincipal\u00bb (5) para ver este men\u00fa como tu men\u00fa de navegaci\u00f3n primario, y recuerda guardar los cambios (6) en los men\u00fas (con el bot\u00f3n azul \u00abGuardar men\u00fa\u00bb), dado que solo as\u00ed podr\u00e1s ver reflejadas las modificaciones en los men\u00fas.<\/p>\n<\/div>\n<div class=\"featured featured-grey\"><p><strong>\u00a1Truco!<\/strong><\/p>\n<p>A veces, necesitaremos que un elemento del men\u00fa principal est\u00e9 presente pero no nos lleve a ninguna secci\u00f3n (por ejemplo, porque contiene elementos anidados que son los verdaderamente importantes). Estos elementos del men\u00fa se crean desde los enlaces personalizados, pero recuerda cambiar la URL por un s\u00edmbolo \u00ab#\u00bb. As\u00ed tendr\u00e1 un enlace (y la misma apariencia que el resto de los elementos del men\u00fa), pero no tendr\u00e1 destino.<\/p>\n<\/div>\n","protected":false},"excerpt":{"rendered":"<p>Lo habitual es tener, al menos, un men\u00fa principal de navegaci\u00f3n, conformado por las diferentes secciones de nuestra web, pero puedes tener m\u00faltiples men\u00fas de navegaci\u00f3n que asocias, por ejemplo, a determinadas p\u00e1ginas. Una vez creado el men\u00fa (1), es preciso asignarle los elementos que debe contener. Un men\u00fa principal suele estar compuesto por contenido [&hellip;]<\/p>\n","protected":false},"author":2,"featured_media":0,"parent":0,"menu_order":0,"comment_status":"closed","ping_status":"closed","template":"","meta":[],"_links":{"self":[{"href":"http:\/\/portafoli-wordpress.recursos.uoc.edu\/es\/wp-json\/wp\/v2\/pages\/221"}],"collection":[{"href":"http:\/\/portafoli-wordpress.recursos.uoc.edu\/es\/wp-json\/wp\/v2\/pages"}],"about":[{"href":"http:\/\/portafoli-wordpress.recursos.uoc.edu\/es\/wp-json\/wp\/v2\/types\/page"}],"author":[{"embeddable":true,"href":"http:\/\/portafoli-wordpress.recursos.uoc.edu\/es\/wp-json\/wp\/v2\/users\/2"}],"replies":[{"embeddable":true,"href":"http:\/\/portafoli-wordpress.recursos.uoc.edu\/es\/wp-json\/wp\/v2\/comments?post=221"}],"version-history":[{"count":8,"href":"http:\/\/portafoli-wordpress.recursos.uoc.edu\/es\/wp-json\/wp\/v2\/pages\/221\/revisions"}],"predecessor-version":[{"id":865,"href":"http:\/\/portafoli-wordpress.recursos.uoc.edu\/es\/wp-json\/wp\/v2\/pages\/221\/revisions\/865"}],"wp:attachment":[{"href":"http:\/\/portafoli-wordpress.recursos.uoc.edu\/es\/wp-json\/wp\/v2\/media?parent=221"}],"curies":[{"name":"wp","href":"https:\/\/api.w.org\/{rel}","templated":true}]}}