{"id":217,"date":"2019-07-18T17:47:55","date_gmt":"2019-07-18T15:47:55","guid":{"rendered":"http:\/\/portafoli-wordpress.recursos.uoc.edu\/?page_id=217"},"modified":"2019-07-18T17:47:55","modified_gmt":"2019-07-18T15:47:55","slug":"4-1-introduccion","status":"publish","type":"page","link":"http:\/\/portafoli-wordpress.recursos.uoc.edu\/es\/4-1-introduccion\/","title":{"rendered":"4.1. Introducci\u00f3n"},"content":{"rendered":"<p>Modificar la apariencia de WordPress es, habitualmente, una de las principales inquietudes de las personas que emplean este sistema de gesti\u00f3n de contenidos. Es l\u00f3gico querer modificar <em>look &amp; feel<\/em> de una web propia, en tanto que es lo que nos entra por los ojos desde el primer instante.<\/p>\n<p>Aunque no conviene obsesionarse con este apartado, ya que lo esencial en una web siempre es el contenido, es comprensible querer tener una web \u00abbonita\u00bb. En este sentido, WordPress ofrece una enorme variedad de f\u00f3rmulas para personalizar una web, aunque la curva de aprendizaje es muy desigual: es muy f\u00e1cil cambiar la apariencia gr\u00e1fica, es relativamente sencillo ejecutar una personalizaci\u00f3n del <em>template<\/em>, pero es dif\u00edcil personalizar al detalle toda una web, en tanto que son necesarios conocimientos de la arquitectura t\u00e9cnica de WordPress y dominio de lenguaje CSS.<\/p>\n<p>Para personalizar el aspecto gr\u00e1fico de WordPress, debemos asegurarnos de editar al menos tres apartados; todos ellos bajo el men\u00fa \u00abApariencia\u00bb.<\/p>\n","protected":false},"excerpt":{"rendered":"<p>Modificar la apariencia de WordPress es, habitualmente, una de las principales inquietudes de las personas que emplean este sistema de gesti\u00f3n de contenidos. Es l\u00f3gico querer modificar look &amp; feel de una web propia, en tanto que es lo que nos entra por los ojos desde el primer instante. Aunque no conviene obsesionarse con este [&hellip;]<\/p>\n","protected":false},"author":2,"featured_media":0,"parent":0,"menu_order":0,"comment_status":"closed","ping_status":"closed","template":"","meta":[],"_links":{"self":[{"href":"http:\/\/portafoli-wordpress.recursos.uoc.edu\/es\/wp-json\/wp\/v2\/pages\/217"}],"collection":[{"href":"http:\/\/portafoli-wordpress.recursos.uoc.edu\/es\/wp-json\/wp\/v2\/pages"}],"about":[{"href":"http:\/\/portafoli-wordpress.recursos.uoc.edu\/es\/wp-json\/wp\/v2\/types\/page"}],"author":[{"embeddable":true,"href":"http:\/\/portafoli-wordpress.recursos.uoc.edu\/es\/wp-json\/wp\/v2\/users\/2"}],"replies":[{"embeddable":true,"href":"http:\/\/portafoli-wordpress.recursos.uoc.edu\/es\/wp-json\/wp\/v2\/comments?post=217"}],"version-history":[{"count":1,"href":"http:\/\/portafoli-wordpress.recursos.uoc.edu\/es\/wp-json\/wp\/v2\/pages\/217\/revisions"}],"predecessor-version":[{"id":219,"href":"http:\/\/portafoli-wordpress.recursos.uoc.edu\/es\/wp-json\/wp\/v2\/pages\/217\/revisions\/219"}],"wp:attachment":[{"href":"http:\/\/portafoli-wordpress.recursos.uoc.edu\/es\/wp-json\/wp\/v2\/media?parent=217"}],"curies":[{"name":"wp","href":"https:\/\/api.w.org\/{rel}","templated":true}]}}