{"id":214,"date":"2019-07-18T17:46:27","date_gmt":"2019-07-18T15:46:27","guid":{"rendered":"http:\/\/portafoli-wordpress.recursos.uoc.edu\/?page_id=214"},"modified":"2019-07-23T16:40:47","modified_gmt":"2019-07-23T14:40:47","slug":"3-6-comentarios","status":"publish","type":"page","link":"http:\/\/portafoli-wordpress.recursos.uoc.edu\/es\/3-6-comentarios\/","title":{"rendered":"3.6. Comentarios"},"content":{"rendered":"<p>La <strong>gesti\u00f3n de comentarios<\/strong> se encuentra en el apartado del men\u00fa con el mismo nombre. A trav\u00e9s de esta secci\u00f3n podemos aprobar, borrar o editar comentarios que nos hayan dejado en nuestra web, siempre que tengamos habilitada esa opci\u00f3n.<\/p>\n<p>Conviene tener en cuenta que los comentarios pueden estar habilitados en los contenidos que hemos visto con anterioridad: p\u00e1ginas, entradas y medios.<\/p>\n<figure id=\"attachment_210\" aria-describedby=\"caption-attachment-210\" style=\"width: 765px\" class=\"wp-caption alignnone\"><img loading=\"lazy\" class=\"wp-image-210 size-full\" src=\"\/wp-content\/uploads\/2019\/07\/m4352_013.jpg\" alt=\"\" width=\"765\" height=\"416\" srcset=\"\/wp-content\/uploads\/2019\/07\/m4352_013.jpg 765w, \/wp-content\/uploads\/2019\/07\/m4352_013-300x163.jpg 300w\" sizes=\"(max-width: 765px) 100vw, 765px\" \/><figcaption id=\"caption-attachment-210\" class=\"wp-caption-text\">Panel de administraci\u00f3n de comentarios de WordPress.<br \/>Fuente: WordPress<\/figcaption><\/figure>\n<p>A trav\u00e9s de otros complementos, podr\u00e1s eliminar o mejorar la gesti\u00f3n de comentarios implementando otros sistemas m\u00e1s completos como <a href=\"https:\/\/es.wordpress.org\/plugins\/disqus-comment-system\/\" target=\"_blank\" rel=\"noopener noreferrer\">Disqus<\/a>.<\/p>\n","protected":false},"excerpt":{"rendered":"<p>La gesti\u00f3n de comentarios se encuentra en el apartado del men\u00fa con el mismo nombre. A trav\u00e9s de esta secci\u00f3n podemos aprobar, borrar o editar comentarios que nos hayan dejado en nuestra web, siempre que tengamos habilitada esa opci\u00f3n. Conviene tener en cuenta que los comentarios pueden estar habilitados en los contenidos que hemos visto [&hellip;]<\/p>\n","protected":false},"author":2,"featured_media":0,"parent":0,"menu_order":0,"comment_status":"closed","ping_status":"closed","template":"","meta":[],"_links":{"self":[{"href":"http:\/\/portafoli-wordpress.recursos.uoc.edu\/es\/wp-json\/wp\/v2\/pages\/214"}],"collection":[{"href":"http:\/\/portafoli-wordpress.recursos.uoc.edu\/es\/wp-json\/wp\/v2\/pages"}],"about":[{"href":"http:\/\/portafoli-wordpress.recursos.uoc.edu\/es\/wp-json\/wp\/v2\/types\/page"}],"author":[{"embeddable":true,"href":"http:\/\/portafoli-wordpress.recursos.uoc.edu\/es\/wp-json\/wp\/v2\/users\/2"}],"replies":[{"embeddable":true,"href":"http:\/\/portafoli-wordpress.recursos.uoc.edu\/es\/wp-json\/wp\/v2\/comments?post=214"}],"version-history":[{"count":3,"href":"http:\/\/portafoli-wordpress.recursos.uoc.edu\/es\/wp-json\/wp\/v2\/pages\/214\/revisions"}],"predecessor-version":[{"id":395,"href":"http:\/\/portafoli-wordpress.recursos.uoc.edu\/es\/wp-json\/wp\/v2\/pages\/214\/revisions\/395"}],"wp:attachment":[{"href":"http:\/\/portafoli-wordpress.recursos.uoc.edu\/es\/wp-json\/wp\/v2\/media?parent=214"}],"curies":[{"name":"wp","href":"https:\/\/api.w.org\/{rel}","templated":true}]}}