{"id":185,"date":"2019-07-18T17:44:36","date_gmt":"2019-07-18T15:44:36","guid":{"rendered":"http:\/\/portafoli-wordpress.recursos.uoc.edu\/?page_id=185"},"modified":"2019-07-23T16:39:58","modified_gmt":"2019-07-23T14:39:58","slug":"3-5-biblioteca-de-medios","status":"publish","type":"page","link":"http:\/\/portafoli-wordpress.recursos.uoc.edu\/es\/3-5-biblioteca-de-medios\/","title":{"rendered":"3.5. Biblioteca de medios"},"content":{"rendered":"<div class=\"featured featured-blue\"><p>La <strong>biblioteca de medios<\/strong> se encuentra en el men\u00fa \u00abMedios\u00bb y es el repositorio de todos los contenidos multimedia de WordPress. Todos los archivos de imagen, v\u00eddeo, documentos, etc. se cargan en la biblioteca y se manipulan desde esta secci\u00f3n.<\/p>\n<\/div>\n<p>F\u00edsicamente, los archivos no forman parte de la base de datos, sino que se albergan en la ruta \u00abtudominio.com\/wp-content\/uploads\u00bb y sigue un patr\u00f3n l\u00f3gico en la que cada archivo se guarda en la subcarpeta \u00abmes\u00bb (01, 02, 03, 04, etc.) dentro de la carpeta \u00aba\u00f1o\u00bb (2017, 2018, 2019, etc.).<\/p>\n<figure id=\"attachment_186\" aria-describedby=\"caption-attachment-186\" style=\"width: 765px\" class=\"wp-caption alignnone\"><img loading=\"lazy\" class=\"wp-image-186 size-full\" src=\"\/wp-content\/uploads\/2019\/07\/m4352_012.jpg\" alt=\"\" width=\"765\" height=\"516\" srcset=\"\/wp-content\/uploads\/2019\/07\/m4352_012.jpg 765w, \/wp-content\/uploads\/2019\/07\/m4352_012-300x202.jpg 300w\" sizes=\"(max-width: 765px) 100vw, 765px\" \/><figcaption id=\"caption-attachment-186\" class=\"wp-caption-text\">Biblioteca de medios de WordPress.<br \/>Fuente: WordPress<\/figcaption><\/figure>\n<p>Habitualmente, se le presta poca atenci\u00f3n a la biblioteca de medios, porque cargar un archivo a WordPress es tan f\u00e1cil como arrastrar y soltar sobre el editor de contenido donde quieres ubicar el archivo, o emplear el bot\u00f3n \u00abA\u00f1adir objeto\u00bb del editor.<\/p>\n<p>Sin embargo, la biblioteca de medios es muy \u00fatil porque, a trav\u00e9s de esta, podemos gestionar los recursos cargados y eliminar los que ya no utilizamos.<\/p>\n<p>Adem\u00e1s, a trav\u00e9s de la biblioteca de medios podemos acceder a un simple pero efectivo editor de im\u00e1genes. Selecciona el recurso gr\u00e1fico que quieras editar y pulsa en editar imagen. Desde ese apartado podr\u00e1s recortar la imagen, girar la imagen hacia la izquierda o la derecha, voltear la imagen hacia arriba o hacia abajo y escalar la imagen para que tenga una dimensi\u00f3n menor.<\/p>\n<p>&nbsp;<\/p>\n","protected":false},"excerpt":{"rendered":"<p>F\u00edsicamente, los archivos no forman parte de la base de datos, sino que se albergan en la ruta \u00abtudominio.com\/wp-content\/uploads\u00bb y sigue un patr\u00f3n l\u00f3gico en la que cada archivo se guarda en la subcarpeta \u00abmes\u00bb (01, 02, 03, 04, etc.) dentro de la carpeta \u00aba\u00f1o\u00bb (2017, 2018, 2019, etc.). Habitualmente, se le presta poca atenci\u00f3n [&hellip;]<\/p>\n","protected":false},"author":2,"featured_media":0,"parent":0,"menu_order":0,"comment_status":"closed","ping_status":"closed","template":"","meta":[],"_links":{"self":[{"href":"http:\/\/portafoli-wordpress.recursos.uoc.edu\/es\/wp-json\/wp\/v2\/pages\/185"}],"collection":[{"href":"http:\/\/portafoli-wordpress.recursos.uoc.edu\/es\/wp-json\/wp\/v2\/pages"}],"about":[{"href":"http:\/\/portafoli-wordpress.recursos.uoc.edu\/es\/wp-json\/wp\/v2\/types\/page"}],"author":[{"embeddable":true,"href":"http:\/\/portafoli-wordpress.recursos.uoc.edu\/es\/wp-json\/wp\/v2\/users\/2"}],"replies":[{"embeddable":true,"href":"http:\/\/portafoli-wordpress.recursos.uoc.edu\/es\/wp-json\/wp\/v2\/comments?post=185"}],"version-history":[{"count":3,"href":"http:\/\/portafoli-wordpress.recursos.uoc.edu\/es\/wp-json\/wp\/v2\/pages\/185\/revisions"}],"predecessor-version":[{"id":394,"href":"http:\/\/portafoli-wordpress.recursos.uoc.edu\/es\/wp-json\/wp\/v2\/pages\/185\/revisions\/394"}],"wp:attachment":[{"href":"http:\/\/portafoli-wordpress.recursos.uoc.edu\/es\/wp-json\/wp\/v2\/media?parent=185"}],"curies":[{"name":"wp","href":"https:\/\/api.w.org\/{rel}","templated":true}]}}