{"id":176,"date":"2019-07-18T17:30:51","date_gmt":"2019-07-18T15:30:51","guid":{"rendered":"http:\/\/portafoli-wordpress.recursos.uoc.edu\/?page_id=176"},"modified":"2019-07-23T17:02:32","modified_gmt":"2019-07-23T15:02:32","slug":"3-2-2-elementos-comunes-a-paginas-y-entradas","status":"publish","type":"page","link":"http:\/\/portafoli-wordpress.recursos.uoc.edu\/es\/3-2-2-elementos-comunes-a-paginas-y-entradas\/","title":{"rendered":"3.2.2. Elementos comunes a p\u00e1ginas y entradas"},"content":{"rendered":"<p>La barra lateral del editor de texto contiene elementos propios de p\u00e1ginas o entradas y una serie de elementos comunes. Dentro de los elementos comunes, nos encontramos con los siguientes:<\/p>\n<h2><strong>Opciones de publicaci\u00f3n<\/strong><\/h2>\n<p>Permite publicar o hacer una previsualizaci\u00f3n del contenido, incluso sin tener el contenido publicado. Asimismo, podemos marcar la publicaci\u00f3n como activa, inactiva (borrador) o inactiva pendiente de revisi\u00f3n.<\/p>\n<p>Las opciones de visibilidad nos permiten hacer que el contenido est\u00e9 disponible para todo el mundo, disponible solo para las personas que se hayan registrado en la web (en cualquiera de los roles de usuario descritos anteriormente) o de forma privada bajo la introducci\u00f3n de una contrase\u00f1a que se define en ese momento. Esta opci\u00f3n es muy interesante para poder implementar peque\u00f1as \u00e1reas privadas sin complementos externos.<\/p>\n<p>Finalmente, podemos indicar una fecha de publicaci\u00f3n, pasada o futura. Si seleccionamos una fecha futura, no publicamos el contenido, sino que se programa para que se autopublique en esa fecha y hora, siempre seg\u00fan los par\u00e1metros de huso horario que configuramos en los ajustes de WordPress.<\/p>\n<h2><strong>Imagen destacada<\/strong><strong>\u00a0<\/strong><\/h2>\n<p>El campo de imagen destacada permite asociar una imagen a una entrada o p\u00e1gina. En funci\u00f3n de la plantilla escogida, esta imagen se ver\u00e1 como una miniatura, ocupar\u00e1 una parte esencial en el encabezado del contenido, etc.<\/p>\n<h2><strong>Otros campos personalizados<\/strong><\/h2>\n<p>A medida que instalemos nuevos complementos, en el editor aparecer\u00e1n nuevos campos personalizados que permitir\u00e1n incluir un resumen del texto, editar la configuraci\u00f3n SEO, etc.<\/p>\n<p>A modo de resumen, la siguiente gr\u00e1fica incluye algunas de las principales diferencias entre las p\u00e1ginas y las entradas.<\/p>\n<table>\n<thead>\n<tr>\n<th>Caracter\u00edsticas<\/th>\n<th>P\u00e1ginas<\/th>\n<th>Entradas<\/th>\n<\/tr>\n<\/thead>\n<tbody>\n<tr>\n<th>Contenido<\/th>\n<td>Se emplean para contenidos est\u00e1ticos (men\u00fas).<\/td>\n<td>Se emplean para contenidos din\u00e1micos (blogs).<\/td>\n<\/tr>\n<tr>\n<th>Personalizaci\u00f3n<\/th>\n<td>Tienen diferentes tipos de plantillas dependientes del tema activo.<\/td>\n<td>Puedes escoger varios formatos.<\/td>\n<\/tr>\n<tr>\n<th>Orden<\/th>\n<td>Se muestran en orden personalizable.<\/td>\n<td>Se muestran en orden cronol\u00f3gico inverso (las m\u00e1s recientes, primero).<\/td>\n<\/tr>\n<tr>\n<th>Categor\u00edas<\/th>\n<td>No pueden emplear categor\u00edas para ordenarse y estructurarse.<\/td>\n<td>S\u00ed pueden emplear categor\u00edas para ordenarse y estructurarse.<\/td>\n<\/tr>\n<tr>\n<th>Etiquetas<\/th>\n<td>No admiten el uso de etiquetas.<\/td>\n<td>S\u00ed admiten el uso de etiquetas.<\/td>\n<\/tr>\n<tr>\n<th>Agrupaci\u00f3n<\/th>\n<td>Se pueden agrupar en estructuras anidadas (padre\/hijo).<\/td>\n<td>No admiten una estructura anidada, est\u00e1n todas al mismo nivel.<\/td>\n<\/tr>\n<tr>\n<th>Temporalidad<\/th>\n<td>No cambian con el tiempo.<\/td>\n<td>Est\u00e1n ligadas a una fecha determinada.<\/td>\n<\/tr>\n<\/tbody>\n<\/table>\n<div class=\"tablefooter\"><p>Principales diferencias entre p\u00e1ginas y entradas.<br \/>Fuente: elaboraci\u00f3n propia<\/p>\n<\/div>\n","protected":false},"excerpt":{"rendered":"<p>La barra lateral del editor de texto contiene elementos propios de p\u00e1ginas o entradas y una serie de elementos comunes. Dentro de los elementos comunes, nos encontramos con los siguientes: Opciones de publicaci\u00f3n Permite publicar o hacer una previsualizaci\u00f3n del contenido, incluso sin tener el contenido publicado. Asimismo, podemos marcar la publicaci\u00f3n como activa, inactiva [&hellip;]<\/p>\n","protected":false},"author":2,"featured_media":0,"parent":0,"menu_order":0,"comment_status":"closed","ping_status":"closed","template":"","meta":[],"_links":{"self":[{"href":"http:\/\/portafoli-wordpress.recursos.uoc.edu\/es\/wp-json\/wp\/v2\/pages\/176"}],"collection":[{"href":"http:\/\/portafoli-wordpress.recursos.uoc.edu\/es\/wp-json\/wp\/v2\/pages"}],"about":[{"href":"http:\/\/portafoli-wordpress.recursos.uoc.edu\/es\/wp-json\/wp\/v2\/types\/page"}],"author":[{"embeddable":true,"href":"http:\/\/portafoli-wordpress.recursos.uoc.edu\/es\/wp-json\/wp\/v2\/users\/2"}],"replies":[{"embeddable":true,"href":"http:\/\/portafoli-wordpress.recursos.uoc.edu\/es\/wp-json\/wp\/v2\/comments?post=176"}],"version-history":[{"count":5,"href":"http:\/\/portafoli-wordpress.recursos.uoc.edu\/es\/wp-json\/wp\/v2\/pages\/176\/revisions"}],"predecessor-version":[{"id":419,"href":"http:\/\/portafoli-wordpress.recursos.uoc.edu\/es\/wp-json\/wp\/v2\/pages\/176\/revisions\/419"}],"wp:attachment":[{"href":"http:\/\/portafoli-wordpress.recursos.uoc.edu\/es\/wp-json\/wp\/v2\/media?parent=176"}],"curies":[{"name":"wp","href":"https:\/\/api.w.org\/{rel}","templated":true}]}}