{"id":170,"date":"2019-07-18T17:21:36","date_gmt":"2019-07-18T15:21:36","guid":{"rendered":"http:\/\/portafoli-wordpress.recursos.uoc.edu\/?page_id=170"},"modified":"2019-09-16T13:28:51","modified_gmt":"2019-09-16T11:28:51","slug":"3-2-entradas-y-paginas","status":"publish","type":"page","link":"http:\/\/portafoli-wordpress.recursos.uoc.edu\/es\/3-2-entradas-y-paginas\/","title":{"rendered":"3.2.1. Introducci\u00f3n"},"content":{"rendered":"<div class=\"featured featured-blue\"><p>\u00abEntradas\u00bb y \u00abP\u00e1ginas\u00bb son las dos principales secciones de creaci\u00f3n de contenido, y los datos de ambas se guardan en la base de datos.<\/p>\n<\/div>\n<p>En s\u00edntesis, las p\u00e1ginas se emplean para el contenido jer\u00e1rquico que no depende del orden cronol\u00f3gico (esto es, contenido est\u00e1tico) y las entradas suelen mostrarse en orden cronol\u00f3gico inverso (esto es, contenido din\u00e1mico) generalmente asociado a un blog.<\/p>\n<div class=\"featured featured-grey\"><p>As\u00ed, cuando consumes una p\u00e1gina web, los elementos que aparecen en el men\u00fa de navegaci\u00f3n (secciones como \u00abSobre nosotros\u00bb, \u00abContacto\u00bb, \u00abD\u00f3nde estamos\u00bb, \u00abProductos\u00bb, etc.) suelen ser p\u00e1ginas, y no entradas.<\/p>\n<\/div>\n<figure id=\"attachment_207\" aria-describedby=\"caption-attachment-207\" style=\"width: 765px\" class=\"wp-caption alignnone\"><img loading=\"lazy\" class=\"wp-image-207 size-full\" src=\"\/wp-content\/uploads\/2019\/07\/m4352_007.jpg\" alt=\"\" width=\"765\" height=\"389\" srcset=\"\/wp-content\/uploads\/2019\/07\/m4352_007.jpg 765w, \/wp-content\/uploads\/2019\/07\/m4352_007-300x153.jpg 300w\" sizes=\"(max-width: 765px) 100vw, 765px\" \/><figcaption id=\"caption-attachment-207\" class=\"wp-caption-text\">Panel de configuraci\u00f3n de p\u00e1ginas de WordPress.<br \/>Fuente: WordPress<\/figcaption><\/figure>\n<p>Las p\u00e1ginas pueden organizarse en p\u00e1ginas y subp\u00e1ginas. Esto quiere decir que podemos anidar una o varias p\u00e1ginas dentro de otras. Desde el punto de vista organizacional es muy \u00fatil, porque nos ayudar\u00e1 a ubicar las p\u00e1ginas cuando estemos trabajando en una web con mucho contenido en forma de p\u00e1ginas.<\/p>\n<p>En la pantalla de edici\u00f3n de la p\u00e1gina busca en la barra lateral derecha las opciones de \u00abAtributos de p\u00e1gina\u00bb. En el \u00edtem \u00abMadre\u00bb podemos indicar cu\u00e1l ser\u00e1 la p\u00e1gina principal de la que depender\u00e1 el contenido que estamos creando. Si no seleccionamos ninguna p\u00e1gina madre, la p\u00e1gina que est\u00e1s creando se convertir\u00e1 en una p\u00e1gina madre.<\/p>\n<p>En lo que respecta a lo visual, el editor de entradas y p\u00e1ginas es muy similar, por lo que conviene tener claras las diferencias entre estos dos tipos de contenidos. En el Codex de WordPress tienes informaci\u00f3n m\u00e1s detallada sobre las <a href=\"https:\/\/codex.wordpress.org\/Pages\" target=\"_blank\" rel=\"noopener noreferrer\">p\u00e1ginas<\/a> y <a href=\"https:\/\/codex.wordpress.org\/Posts\" target=\"_blank\" rel=\"noopener noreferrer\">entradas<\/a>.<\/p>\n<figure id=\"attachment_202\" aria-describedby=\"caption-attachment-202\" style=\"width: 765px\" class=\"wp-caption alignnone\"><img loading=\"lazy\" class=\"wp-image-202 size-full\" src=\"\/wp-content\/uploads\/2019\/07\/m4352_008.jpg\" alt=\"\" width=\"765\" height=\"389\" srcset=\"\/wp-content\/uploads\/2019\/07\/m4352_008.jpg 765w, \/wp-content\/uploads\/2019\/07\/m4352_008-300x153.jpg 300w\" sizes=\"(max-width: 765px) 100vw, 765px\" \/><figcaption id=\"caption-attachment-202\" class=\"wp-caption-text\">Panel de configuraci\u00f3n de entradas de WordPress.<br \/>Fuente: WordPress<\/figcaption><\/figure>\n<p>Aunque el editor sea muy parecido, las p\u00e1ginas pueden tener disposiciones visuales diferentes en funci\u00f3n del atributo de p\u00e1gina seleccionado. Estos atributos (en el editor aparecen en el men\u00fa lateral derecho) var\u00edan de un tema a otro, y permiten disposiciones como ancho completo de la p\u00e1gina (sin barra lateral), p\u00e1ginas especiales para formularios de contacto, etc.<\/p>\n","protected":false},"excerpt":{"rendered":"<p>En s\u00edntesis, las p\u00e1ginas se emplean para el contenido jer\u00e1rquico que no depende del orden cronol\u00f3gico (esto es, contenido est\u00e1tico) y las entradas suelen mostrarse en orden cronol\u00f3gico inverso (esto es, contenido din\u00e1mico) generalmente asociado a un blog. Las p\u00e1ginas pueden organizarse en p\u00e1ginas y subp\u00e1ginas. Esto quiere decir que podemos anidar una o varias [&hellip;]<\/p>\n","protected":false},"author":2,"featured_media":0,"parent":0,"menu_order":0,"comment_status":"closed","ping_status":"closed","template":"","meta":[],"_links":{"self":[{"href":"http:\/\/portafoli-wordpress.recursos.uoc.edu\/es\/wp-json\/wp\/v2\/pages\/170"}],"collection":[{"href":"http:\/\/portafoli-wordpress.recursos.uoc.edu\/es\/wp-json\/wp\/v2\/pages"}],"about":[{"href":"http:\/\/portafoli-wordpress.recursos.uoc.edu\/es\/wp-json\/wp\/v2\/types\/page"}],"author":[{"embeddable":true,"href":"http:\/\/portafoli-wordpress.recursos.uoc.edu\/es\/wp-json\/wp\/v2\/users\/2"}],"replies":[{"embeddable":true,"href":"http:\/\/portafoli-wordpress.recursos.uoc.edu\/es\/wp-json\/wp\/v2\/comments?post=170"}],"version-history":[{"count":9,"href":"http:\/\/portafoli-wordpress.recursos.uoc.edu\/es\/wp-json\/wp\/v2\/pages\/170\/revisions"}],"predecessor-version":[{"id":912,"href":"http:\/\/portafoli-wordpress.recursos.uoc.edu\/es\/wp-json\/wp\/v2\/pages\/170\/revisions\/912"}],"wp:attachment":[{"href":"http:\/\/portafoli-wordpress.recursos.uoc.edu\/es\/wp-json\/wp\/v2\/media?parent=170"}],"curies":[{"name":"wp","href":"https:\/\/api.w.org\/{rel}","templated":true}]}}