{"id":167,"date":"2019-07-18T17:17:58","date_gmt":"2019-07-18T15:17:58","guid":{"rendered":"http:\/\/portafoli-wordpress.recursos.uoc.edu\/?page_id=167"},"modified":"2019-07-18T17:17:58","modified_gmt":"2019-07-18T15:17:58","slug":"3-1-introduccion","status":"publish","type":"page","link":"http:\/\/portafoli-wordpress.recursos.uoc.edu\/es\/3-1-introduccion\/","title":{"rendered":"3.1. Introducci\u00f3n"},"content":{"rendered":"<p>La <strong>gesti\u00f3n de contenidos<\/strong> en WordPress es la acci\u00f3n m\u00e1s habitual que se realiza en una web, y supone el 90% del tiempo que dedicaremos a lo largo de nuestra relaci\u00f3n con nuestro sitio web. Para poder optimizar el tiempo empleado, es necesario conocer la estructura de creaci\u00f3n de contenido que da soporte a tu web.<\/p>\n","protected":false},"excerpt":{"rendered":"<p>La gesti\u00f3n de contenidos en WordPress es la acci\u00f3n m\u00e1s habitual que se realiza en una web, y supone el 90% del tiempo que dedicaremos a lo largo de nuestra relaci\u00f3n con nuestro sitio web. Para poder optimizar el tiempo empleado, es necesario conocer la estructura de creaci\u00f3n de contenido que da soporte a tu [&hellip;]<\/p>\n","protected":false},"author":2,"featured_media":0,"parent":0,"menu_order":0,"comment_status":"closed","ping_status":"closed","template":"","meta":[],"_links":{"self":[{"href":"http:\/\/portafoli-wordpress.recursos.uoc.edu\/es\/wp-json\/wp\/v2\/pages\/167"}],"collection":[{"href":"http:\/\/portafoli-wordpress.recursos.uoc.edu\/es\/wp-json\/wp\/v2\/pages"}],"about":[{"href":"http:\/\/portafoli-wordpress.recursos.uoc.edu\/es\/wp-json\/wp\/v2\/types\/page"}],"author":[{"embeddable":true,"href":"http:\/\/portafoli-wordpress.recursos.uoc.edu\/es\/wp-json\/wp\/v2\/users\/2"}],"replies":[{"embeddable":true,"href":"http:\/\/portafoli-wordpress.recursos.uoc.edu\/es\/wp-json\/wp\/v2\/comments?post=167"}],"version-history":[{"count":1,"href":"http:\/\/portafoli-wordpress.recursos.uoc.edu\/es\/wp-json\/wp\/v2\/pages\/167\/revisions"}],"predecessor-version":[{"id":169,"href":"http:\/\/portafoli-wordpress.recursos.uoc.edu\/es\/wp-json\/wp\/v2\/pages\/167\/revisions\/169"}],"wp:attachment":[{"href":"http:\/\/portafoli-wordpress.recursos.uoc.edu\/es\/wp-json\/wp\/v2\/media?parent=167"}],"curies":[{"name":"wp","href":"https:\/\/api.w.org\/{rel}","templated":true}]}}