{"id":164,"date":"2019-07-18T17:16:44","date_gmt":"2019-07-18T15:16:44","guid":{"rendered":"http:\/\/portafoli-wordpress.recursos.uoc.edu\/?page_id=164"},"modified":"2019-09-16T13:18:02","modified_gmt":"2019-09-16T11:18:02","slug":"2-5-4-menu-usuarios","status":"publish","type":"page","link":"http:\/\/portafoli-wordpress.recursos.uoc.edu\/es\/2-5-4-menu-usuarios\/","title":{"rendered":"2.5.4. Men\u00fa \u00abUsuarios\u00bb"},"content":{"rendered":"<figure id=\"attachment_139\" aria-describedby=\"caption-attachment-139\" style=\"width: 765px\" class=\"wp-caption alignnone\"><img loading=\"lazy\" class=\"wp-image-139 size-full\" src=\"\/wp-content\/uploads\/2019\/07\/m4352_006.jpg\" alt=\"\" width=\"765\" height=\"398\" srcset=\"\/wp-content\/uploads\/2019\/07\/m4352_006.jpg 765w, \/wp-content\/uploads\/2019\/07\/m4352_006-300x156.jpg 300w\" sizes=\"(max-width: 765px) 100vw, 765px\" \/><figcaption id=\"caption-attachment-139\" class=\"wp-caption-text\">Panel de administraci\u00f3n de usuarios.<br \/>Fuente: WordPress<\/figcaption><\/figure>\n<p>El men\u00fa \u00abUsuarios\u00bb permite crear y administrar todos los usuarios que tienen acceso a nuestra p\u00e1gina web. Para crear un usuario necesitamos un nombre, un correo electr\u00f3nico, una contrase\u00f1a (si no es segura la plataforma te obligar\u00e1 a asumir que sabes que no es segura) y un rol o perfil de usuario. Nos detendremos en este apartado, porque cada rol puede hacer determinadas acciones, y a medida que subimos de categor\u00eda podemos realizar las propias de eslabones inferiores y cosas nuevas. Por defecto, estos son los cinco roles que permite crear WordPress:<\/p>\n<ol>\n<li><strong> Suscriptor<\/strong>: Por defecto no puede hacer nada m\u00e1s que modificar su perfil y publicar comentarios. Se utiliza, por ejemplo, para webs en las que haya que registrarse para acceder a ciertos contenidos (es una de las opciones de visibilidad de las p\u00e1ginas y entradas).<\/li>\n<li><strong> Colaborador<\/strong>: Adem\u00e1s de lo anterior, puede crear nuevo contenido, pero no publicarlo; una acci\u00f3n que requerir\u00e1 de la supervisi\u00f3n de un editor o administrador para publicar sus contenidos. No tiene acceso a nada m\u00e1s.<\/li>\n<li><strong> Autor<\/strong>: Adem\u00e1s de lo anterior, puede publicar y editar sus propios contenidos, pero no tiene la opci\u00f3n de editar los contenidos de otros usuarios, ni puede modificar nada del aspecto o las funcionalidades de la web.<\/li>\n<li><strong> Editor<\/strong>: Adem\u00e1s de lo anterior, tiene acceso a todos los contenidos de la web y puede modificar, a\u00f1adir o eliminar cualquier contenido. Pero solo contenido, no tiene acceso a la instalaci\u00f3n\/borrado de temas, <em>plugins<\/em> o cambios sobre los ajustes de la web.<\/li>\n<li><strong>\u00a0Administrador<\/strong>: Tiene acceso a todo el sitio web (contenido, funciones y apariencia gr\u00e1fica). Puede a\u00f1adir, modificar o eliminar cualquier cosa; incluso a otros usuarios administradores, por eso debemos usar con mesura este tipo de usuarios.<\/li>\n<\/ol>\n<p>Pueden existir otros perfiles de usuario seg\u00fan se vayan instalando <em>plugins<\/em>, como por ejemplo Gestor de tienda, Comprador, o Gestor del SEO, con diferentes capacidades y permisos para modificar cosas en la web. Incluso existen complementos para ampliar, modificar o restringir funciones a los roles preexistentes o crear nuevos roles a medida.<\/p>\n<div class=\"featured featured-blue\"><p>Sobre los usuarios, mi consejo es evitar el uso de usuarios <em>Administradores<\/em>, salvo que se requiera hacer cosas que solo un administrador pueda hacer. Esto es, si lo que vas a crear o editar es contenido, crea un usuario editor para esos menesteres.<\/p>\n<\/div>\n<p>Dosifica tu tiempo y haz tareas con cada usuario: puedes autenticarte como administrador una vez a la semana para actualizar, modificar o a\u00f1adir funciones, etc. y el resto de la semana trabajar como autor o editor. Te ahorrar\u00e1 disgustos a la larga.<\/p>\n<div class=\"featured featured-grey\"><p><strong>\u00a1Consejo!<\/strong><\/p>\n<p>Si tienes un usuario \u00abadmin\u00bb, te desaconsejo su uso. Crea un nuevo usuario administrador, anota las claves de acceso y procede a la eliminaci\u00f3n del usuario \u00abadmin\u00bb para evitar intentos de acceso a tu panel de administraci\u00f3n.<\/p>\n<\/div>\n","protected":false},"excerpt":{"rendered":"<p>El men\u00fa \u00abUsuarios\u00bb permite crear y administrar todos los usuarios que tienen acceso a nuestra p\u00e1gina web. Para crear un usuario necesitamos un nombre, un correo electr\u00f3nico, una contrase\u00f1a (si no es segura la plataforma te obligar\u00e1 a asumir que sabes que no es segura) y un rol o perfil de usuario. Nos detendremos en [&hellip;]<\/p>\n","protected":false},"author":2,"featured_media":0,"parent":0,"menu_order":0,"comment_status":"closed","ping_status":"closed","template":"","meta":[],"_links":{"self":[{"href":"http:\/\/portafoli-wordpress.recursos.uoc.edu\/es\/wp-json\/wp\/v2\/pages\/164"}],"collection":[{"href":"http:\/\/portafoli-wordpress.recursos.uoc.edu\/es\/wp-json\/wp\/v2\/pages"}],"about":[{"href":"http:\/\/portafoli-wordpress.recursos.uoc.edu\/es\/wp-json\/wp\/v2\/types\/page"}],"author":[{"embeddable":true,"href":"http:\/\/portafoli-wordpress.recursos.uoc.edu\/es\/wp-json\/wp\/v2\/users\/2"}],"replies":[{"embeddable":true,"href":"http:\/\/portafoli-wordpress.recursos.uoc.edu\/es\/wp-json\/wp\/v2\/comments?post=164"}],"version-history":[{"count":9,"href":"http:\/\/portafoli-wordpress.recursos.uoc.edu\/es\/wp-json\/wp\/v2\/pages\/164\/revisions"}],"predecessor-version":[{"id":906,"href":"http:\/\/portafoli-wordpress.recursos.uoc.edu\/es\/wp-json\/wp\/v2\/pages\/164\/revisions\/906"}],"wp:attachment":[{"href":"http:\/\/portafoli-wordpress.recursos.uoc.edu\/es\/wp-json\/wp\/v2\/media?parent=164"}],"curies":[{"name":"wp","href":"https:\/\/api.w.org\/{rel}","templated":true}]}}