{"id":155,"date":"2019-07-18T17:03:22","date_gmt":"2019-07-18T15:03:22","guid":{"rendered":"http:\/\/portafoli-wordpress.recursos.uoc.edu\/?page_id=155"},"modified":"2019-07-23T16:58:19","modified_gmt":"2019-07-23T14:58:19","slug":"2-5-3-menu-herramientas","status":"publish","type":"page","link":"http:\/\/portafoli-wordpress.recursos.uoc.edu\/es\/2-5-3-menu-herramientas\/","title":{"rendered":"2.5.3. Men\u00fa \u00abHerramientas\u00bb"},"content":{"rendered":"<figure id=\"attachment_137\" aria-describedby=\"caption-attachment-137\" style=\"width: 765px\" class=\"wp-caption alignnone\"><img loading=\"lazy\" class=\"wp-image-137 size-full\" src=\"\/wp-content\/uploads\/2019\/07\/m4352_005.jpg\" alt=\"\" width=\"765\" height=\"586\" srcset=\"\/wp-content\/uploads\/2019\/07\/m4352_005.jpg 765w, \/wp-content\/uploads\/2019\/07\/m4352_005-300x230.jpg 300w\" sizes=\"(max-width: 765px) 100vw, 765px\" \/><figcaption id=\"caption-attachment-137\" class=\"wp-caption-text\">Panel \u00abHerramientas\u00bb de WordPress.<br \/>Fuente: WordPres<\/figcaption><\/figure>\n<p>En el men\u00fa \u00abHerramientas\u00bb, adem\u00e1s de las relacionadas con la privacidad y los datos personales, tenemos m\u00faltiples opciones de <strong>importaci\u00f3n de contenidos<\/strong>, por si queremos migrar nuestro contenido de diferentes sitios web como Blogger, Livejournal, Tumblr, un <em>feed RSS<\/em> u otro sitio web realizado con WordPress.<\/p>\n<p>El funcionamiento de este tipo de importadores es muy parecido: necesitas acceder a la administraci\u00f3n de un sitio web que quieras migrar, exportar los datos en un fichero compatible y, ya en la web de destino, ejecutar el asistente de importaci\u00f3n en el que tendr\u00e1s que anexar el archivo previamente descargado y continuar con la migraci\u00f3n.<\/p>\n<p>Ten en cuenta que el importador permite llevar a tu nueva web los contenidos, pero no as\u00ed la apariencia gr\u00e1fica, un aspecto que tendr\u00edas que trabajar de nuevo en WordPress.<\/p>\n<p>Del mismo modo que puedes importar contenidos, puedes exportar los mismos, tanto si es para crear manualmente una copia de seguridad como si lo que necesitas es llevarte los contenidos a otra web.<\/p>\n","protected":false},"excerpt":{"rendered":"<p>En el men\u00fa \u00abHerramientas\u00bb, adem\u00e1s de las relacionadas con la privacidad y los datos personales, tenemos m\u00faltiples opciones de importaci\u00f3n de contenidos, por si queremos migrar nuestro contenido de diferentes sitios web como Blogger, Livejournal, Tumblr, un feed RSS u otro sitio web realizado con WordPress. El funcionamiento de este tipo de importadores es muy [&hellip;]<\/p>\n","protected":false},"author":2,"featured_media":0,"parent":0,"menu_order":0,"comment_status":"closed","ping_status":"closed","template":"","meta":[],"_links":{"self":[{"href":"http:\/\/portafoli-wordpress.recursos.uoc.edu\/es\/wp-json\/wp\/v2\/pages\/155"}],"collection":[{"href":"http:\/\/portafoli-wordpress.recursos.uoc.edu\/es\/wp-json\/wp\/v2\/pages"}],"about":[{"href":"http:\/\/portafoli-wordpress.recursos.uoc.edu\/es\/wp-json\/wp\/v2\/types\/page"}],"author":[{"embeddable":true,"href":"http:\/\/portafoli-wordpress.recursos.uoc.edu\/es\/wp-json\/wp\/v2\/users\/2"}],"replies":[{"embeddable":true,"href":"http:\/\/portafoli-wordpress.recursos.uoc.edu\/es\/wp-json\/wp\/v2\/comments?post=155"}],"version-history":[{"count":12,"href":"http:\/\/portafoli-wordpress.recursos.uoc.edu\/es\/wp-json\/wp\/v2\/pages\/155\/revisions"}],"predecessor-version":[{"id":416,"href":"http:\/\/portafoli-wordpress.recursos.uoc.edu\/es\/wp-json\/wp\/v2\/pages\/155\/revisions\/416"}],"wp:attachment":[{"href":"http:\/\/portafoli-wordpress.recursos.uoc.edu\/es\/wp-json\/wp\/v2\/media?parent=155"}],"curies":[{"name":"wp","href":"https:\/\/api.w.org\/{rel}","templated":true}]}}