{"id":145,"date":"2019-07-18T16:46:43","date_gmt":"2019-07-18T14:46:43","guid":{"rendered":"http:\/\/portafoli-wordpress.recursos.uoc.edu\/?page_id=145"},"modified":"2019-07-23T16:58:03","modified_gmt":"2019-07-23T14:58:03","slug":"2-5-2-ajustes","status":"publish","type":"page","link":"http:\/\/portafoli-wordpress.recursos.uoc.edu\/es\/2-5-2-ajustes\/","title":{"rendered":"2.5.2. Ajustes"},"content":{"rendered":"<div class=\"featured featured-blue\"><p>La secci\u00f3n \u00abAjustes\u00bb modifica la mayor parte de los par\u00e1metros t\u00e9cnicos de la instalaci\u00f3n de WordPress.<\/p>\n<\/div>\n<figure id=\"attachment_135\" aria-describedby=\"caption-attachment-135\" style=\"width: 765px\" class=\"wp-caption alignnone\"><img loading=\"lazy\" class=\"wp-image-135 size-full\" src=\"\/wp-content\/uploads\/2019\/07\/m4352_004.jpg\" alt=\"\" width=\"765\" height=\"464\" srcset=\"\/wp-content\/uploads\/2019\/07\/m4352_004.jpg 765w, \/wp-content\/uploads\/2019\/07\/m4352_004-300x182.jpg 300w\" sizes=\"(max-width: 765px) 100vw, 765px\" \/><figcaption id=\"caption-attachment-135\" class=\"wp-caption-text\">Panel \u00abAjustes\u00bb de WordPress.<br \/>Fuente: WordPress<\/figcaption><\/figure>\n<p>En los <strong>ajustes generales <\/strong>escribimos (o modificamos) el t\u00edtulo y descripci\u00f3n de nuestra web, ponemos el huso horario de Madrid, seleccionamos el formato de fecha y hora de nuestra web y marcamos el idioma preferido (este ajuste modifica el idioma del sitio, tanto en el <em>FrontEnd<\/em> como en el <em>BackEnd<\/em>).<\/p>\n<div class=\"featured featured-blue\"><p>Recordad que en Espa\u00f1a tenemos dos husos horarios; es mejor seleccionar manualmente la ciudad que marcar UTC+1 para evitar cambiar este par\u00e1metro dos veces al a\u00f1o.<\/p>\n<\/div>\n<p>En los <strong>ajustes de lectura<\/strong> definimos un par\u00e1metro muy importante de nuestra web. Aqu\u00ed definimos el comportamiento de la portada o inicio de la web. En este apartado, decidimos si queremos que la portada sean los \u00faltimos art\u00edculos (blog) o bien una p\u00e1gina est\u00e1tica que hemos creado con anterioridad. Si escogemos esta opci\u00f3n, tambi\u00e9n podemos marcar la p\u00e1gina (creada con anterioridad) que albergar\u00e1 las entradas de un posible blog.<\/p>\n<p>Finalmente, en este apartado tenemos la opci\u00f3n de desactivar el indexado autom\u00e1tico por parte de los motores de b\u00fasqueda. Esto es \u00fatil en webs de pruebas o en desarrollos que no queremos que vean la luz (pero acu\u00e9rdate de permitir el indexado cuando lances tu proyecto).<\/p>\n<p>En los <strong>ajustes de comentarios <\/strong>revisamos todas las opciones que plantean. Aunque no tengamos una opci\u00f3n (todav\u00eda) que permita desactivar totalmente este tipo de contenidos, aseguraos de marcar la opci\u00f3n de que no se publiquen comentarios a no ser que el autor tenga aprobado uno previamente, para evitar <em>spam<\/em> indeseado.<\/p>\n<p>En los <strong>ajustes de enlaces permanentes <\/strong>seleccionamos otra estructura de enlaces, por ejemplo \u00abnombre de la entrada\u00bb, en lugar del que viene por defecto. El que viene por defecto es muy poco recomendable para SEO, por ser un tipo de URL \u00abno amigable\u00bb. En cambio, si seleccionamos \u00abnombre de la entrada\u00bb, el tipo de URL es \u00abamigable\u00bb.<\/p>\n<p>En los <strong>ajustes de privacidad <\/strong>creamos y <strong>seleccionamos<\/strong> nuestra p\u00e1gina de pol\u00edtica de privacidad. El modelo que crea WordPress es b\u00e1sico, aunque efectivo. Tan solo tendremos que cubrir los datos correspondientes a nuestro negocio. Si necesitas inspiraci\u00f3n, la p\u00e1gina de <a href=\"https:\/\/ayudawp.com\/muylegal\/\" target=\"_blank\" rel=\"noopener noreferrer\">pol\u00edtica de privacidad de Ayuda WordPress<\/a> no solo es muy \u00fatil, sino que se puede copiar, pegar y modificar los datos correspondientes.<\/p>\n<p>&nbsp;<\/p>\n","protected":false},"excerpt":{"rendered":"<p>En los ajustes generales escribimos (o modificamos) el t\u00edtulo y descripci\u00f3n de nuestra web, ponemos el huso horario de Madrid, seleccionamos el formato de fecha y hora de nuestra web y marcamos el idioma preferido (este ajuste modifica el idioma del sitio, tanto en el FrontEnd como en el BackEnd). En los ajustes de lectura [&hellip;]<\/p>\n","protected":false},"author":2,"featured_media":0,"parent":0,"menu_order":0,"comment_status":"closed","ping_status":"closed","template":"","meta":[],"_links":{"self":[{"href":"http:\/\/portafoli-wordpress.recursos.uoc.edu\/es\/wp-json\/wp\/v2\/pages\/145"}],"collection":[{"href":"http:\/\/portafoli-wordpress.recursos.uoc.edu\/es\/wp-json\/wp\/v2\/pages"}],"about":[{"href":"http:\/\/portafoli-wordpress.recursos.uoc.edu\/es\/wp-json\/wp\/v2\/types\/page"}],"author":[{"embeddable":true,"href":"http:\/\/portafoli-wordpress.recursos.uoc.edu\/es\/wp-json\/wp\/v2\/users\/2"}],"replies":[{"embeddable":true,"href":"http:\/\/portafoli-wordpress.recursos.uoc.edu\/es\/wp-json\/wp\/v2\/comments?post=145"}],"version-history":[{"count":13,"href":"http:\/\/portafoli-wordpress.recursos.uoc.edu\/es\/wp-json\/wp\/v2\/pages\/145\/revisions"}],"predecessor-version":[{"id":415,"href":"http:\/\/portafoli-wordpress.recursos.uoc.edu\/es\/wp-json\/wp\/v2\/pages\/145\/revisions\/415"}],"wp:attachment":[{"href":"http:\/\/portafoli-wordpress.recursos.uoc.edu\/es\/wp-json\/wp\/v2\/media?parent=145"}],"curies":[{"name":"wp","href":"https:\/\/api.w.org\/{rel}","templated":true}]}}