{"id":126,"date":"2019-07-18T16:37:46","date_gmt":"2019-07-18T14:37:46","guid":{"rendered":"http:\/\/portafoli-wordpress.recursos.uoc.edu\/?page_id=126"},"modified":"2019-07-23T16:57:40","modified_gmt":"2019-07-23T14:57:40","slug":"2-5-ajustes-basicos-antes-de-empezar","status":"publish","type":"page","link":"http:\/\/portafoli-wordpress.recursos.uoc.edu\/es\/2-5-ajustes-basicos-antes-de-empezar\/","title":{"rendered":"2.5.1. Introducci\u00f3n"},"content":{"rendered":"<p>Con independencia del modo que emplees (local o en l\u00ednea), hay una serie de ajustes y consejos b\u00e1sicos que debes considerar antes de comenzar a trabajar con tu web: se trata de las opciones contempladas en el men\u00fa de administraci\u00f3n como \u00abAjustes\u00bb, \u00abHerramientas\u00bb y \u00abUsuarios\u00bb.<\/p>\n","protected":false},"excerpt":{"rendered":"<p>Con independencia del modo que emplees (local o en l\u00ednea), hay una serie de ajustes y consejos b\u00e1sicos que debes considerar antes de comenzar a trabajar con tu web: se trata de las opciones contempladas en el men\u00fa de administraci\u00f3n como \u00abAjustes\u00bb, \u00abHerramientas\u00bb y \u00abUsuarios\u00bb.<\/p>\n","protected":false},"author":2,"featured_media":0,"parent":0,"menu_order":0,"comment_status":"closed","ping_status":"closed","template":"","meta":[],"_links":{"self":[{"href":"http:\/\/portafoli-wordpress.recursos.uoc.edu\/es\/wp-json\/wp\/v2\/pages\/126"}],"collection":[{"href":"http:\/\/portafoli-wordpress.recursos.uoc.edu\/es\/wp-json\/wp\/v2\/pages"}],"about":[{"href":"http:\/\/portafoli-wordpress.recursos.uoc.edu\/es\/wp-json\/wp\/v2\/types\/page"}],"author":[{"embeddable":true,"href":"http:\/\/portafoli-wordpress.recursos.uoc.edu\/es\/wp-json\/wp\/v2\/users\/2"}],"replies":[{"embeddable":true,"href":"http:\/\/portafoli-wordpress.recursos.uoc.edu\/es\/wp-json\/wp\/v2\/comments?post=126"}],"version-history":[{"count":5,"href":"http:\/\/portafoli-wordpress.recursos.uoc.edu\/es\/wp-json\/wp\/v2\/pages\/126\/revisions"}],"predecessor-version":[{"id":414,"href":"http:\/\/portafoli-wordpress.recursos.uoc.edu\/es\/wp-json\/wp\/v2\/pages\/126\/revisions\/414"}],"wp:attachment":[{"href":"http:\/\/portafoli-wordpress.recursos.uoc.edu\/es\/wp-json\/wp\/v2\/media?parent=126"}],"curies":[{"name":"wp","href":"https:\/\/api.w.org\/{rel}","templated":true}]}}