{"id":121,"date":"2019-07-18T16:32:32","date_gmt":"2019-07-18T14:32:32","guid":{"rendered":"http:\/\/portafoli-wordpress.recursos.uoc.edu\/?page_id=121"},"modified":"2019-08-18T13:20:13","modified_gmt":"2019-08-18T11:20:13","slug":"2-4-frontend-vs-backend","status":"publish","type":"page","link":"http:\/\/portafoli-wordpress.recursos.uoc.edu\/es\/2-4-frontend-vs-backend\/","title":{"rendered":"2.4. <em>FrontEnd vs BackEnd<\/em>"},"content":{"rendered":"<p>Cuando tengas tu web funcionando, deber\u00e1s conocer dos conceptos para poder verla y administrarla: son el <em>FrontEnd<\/em> y el <em>BackEnd<\/em>.<\/p>\n<div class=\"featured featured-blue\"><p><strong><em>FrontEnd<\/em><\/strong> es la cara visible, la interfaz o la parte p\u00fablica de nuestra web, accesible cuando alguien teclea nuestro dominio. Cuando abres una web, est\u00e1s visualizando el <em>FrontEnd<\/em> de dicha web.<\/p>\n<\/div>\n<div class=\"featured featured-blue\"><p><strong><em>BackEnd<\/em><\/strong> es el panel de administraci\u00f3n de WordPress, el que emplearemos para modificar la configuraci\u00f3n y contenidos de nuestra web.<\/p>\n<\/div>\n<p>El <em>BackEnd<\/em> de WordPress tiene una barra de navegaci\u00f3n lateral izquierda con el men\u00fa principal de WordPress y una barra superior con el men\u00fa secundario para el usuario (si est\u00e1s logueado, esta barra aparece tambi\u00e9n en el <em>FrontEnd<\/em>, \u00a1pero solo la ver\u00e1s t\u00fa, administrador web!). La mayor parte de las veces emplearemos la barra lateral, pues en ella se encuentran las opciones de creaci\u00f3n de contenido y personalizaci\u00f3n.<\/p>\n<figure id=\"attachment_133\" aria-describedby=\"caption-attachment-133\" style=\"width: 720px\" class=\"wp-caption alignnone\"><img loading=\"lazy\" class=\"wp-image-133 size-full\" src=\"\/wp-content\/uploads\/2019\/07\/m4352_003.jpg\" alt=\"\" width=\"720\" height=\"288\" srcset=\"\/wp-content\/uploads\/2019\/07\/m4352_003.jpg 720w, \/wp-content\/uploads\/2019\/07\/m4352_003-300x120.jpg 300w\" sizes=\"(max-width: 720px) 100vw, 720px\" \/><figcaption id=\"caption-attachment-133\" class=\"wp-caption-text\">Diferencia entre <em>BackEnd<\/em> y <em>FrontEnd<\/em>.<br \/>Fuente: elaboraci\u00f3n propia<\/figcaption><\/figure>\n<p>As\u00ed como al <em>FrontEnd<\/em> se accede a trav\u00e9s de \u00abtudominio.com\u00bb, para acceder al <em>BackEnd<\/em> es necesario escribir \u00abtudominio.com\/wp-admin\u00bb o \u00abtudominio.com\/wp-login.php\u00bb.<\/p>\n<div class=\"featured featured-grey\"><p><strong>\u00a1Consejo!<\/strong><\/p>\n<p>Cuando trabajes con tu web, procura emplear un escritorio dividido en dos, donde puedas tener siempre visible a un lado el <em>FrontEnd<\/em> (la interfaz de tu web) y al otro lado el panel de administraci\u00f3n de WordPress (<em>BackEnd<\/em>). Siempre que sea posible, ejecuta el <em>FrontEnd<\/em> en un navegador diferente al <em>BackEnd<\/em> (o en el \u00abmodo inc\u00f3gnito\u00bb de tu navegador). Por ejemplo, puedes emplear Chrome para ver el <em>FrontEnd<\/em> de tu web y el modo inc\u00f3gnito de Chrome o Firefox para acceder al <em>BackEnd<\/em> de la web.<\/p>\n<\/div>\n<p>&nbsp;<\/p>\n","protected":false},"excerpt":{"rendered":"<p>Cuando tengas tu web funcionando, deber\u00e1s conocer dos conceptos para poder verla y administrarla: son el FrontEnd y el BackEnd. El BackEnd de WordPress tiene una barra de navegaci\u00f3n lateral izquierda con el men\u00fa principal de WordPress y una barra superior con el men\u00fa secundario para el usuario (si est\u00e1s logueado, esta barra aparece tambi\u00e9n [&hellip;]<\/p>\n","protected":false},"author":2,"featured_media":0,"parent":0,"menu_order":0,"comment_status":"closed","ping_status":"closed","template":"","meta":[],"_links":{"self":[{"href":"http:\/\/portafoli-wordpress.recursos.uoc.edu\/es\/wp-json\/wp\/v2\/pages\/121"}],"collection":[{"href":"http:\/\/portafoli-wordpress.recursos.uoc.edu\/es\/wp-json\/wp\/v2\/pages"}],"about":[{"href":"http:\/\/portafoli-wordpress.recursos.uoc.edu\/es\/wp-json\/wp\/v2\/types\/page"}],"author":[{"embeddable":true,"href":"http:\/\/portafoli-wordpress.recursos.uoc.edu\/es\/wp-json\/wp\/v2\/users\/2"}],"replies":[{"embeddable":true,"href":"http:\/\/portafoli-wordpress.recursos.uoc.edu\/es\/wp-json\/wp\/v2\/comments?post=121"}],"version-history":[{"count":17,"href":"http:\/\/portafoli-wordpress.recursos.uoc.edu\/es\/wp-json\/wp\/v2\/pages\/121\/revisions"}],"predecessor-version":[{"id":849,"href":"http:\/\/portafoli-wordpress.recursos.uoc.edu\/es\/wp-json\/wp\/v2\/pages\/121\/revisions\/849"}],"wp:attachment":[{"href":"http:\/\/portafoli-wordpress.recursos.uoc.edu\/es\/wp-json\/wp\/v2\/media?parent=121"}],"curies":[{"name":"wp","href":"https:\/\/api.w.org\/{rel}","templated":true}]}}