{"id":118,"date":"2019-07-18T16:30:04","date_gmt":"2019-07-18T14:30:04","guid":{"rendered":"http:\/\/portafoli-wordpress.recursos.uoc.edu\/?page_id=118"},"modified":"2019-08-18T13:18:27","modified_gmt":"2019-08-18T11:18:27","slug":"2-3-modo-en-linea-demoswp","status":"publish","type":"page","link":"http:\/\/portafoli-wordpress.recursos.uoc.edu\/es\/2-3-modo-en-linea-demoswp\/","title":{"rendered":"2.3. Modo en l\u00ednea: DemosWP"},"content":{"rendered":"<p>Para poder probar una versi\u00f3n completamente optimizada y autogestionada en l\u00ednea, las opciones son m\u00e1s escasas. Algunas de las soluciones completas (espacio web, PHP, base de datos, CPanel y acceso FTP) son muy lentas. En todo caso, la mejor soluci\u00f3n dentro de este tipo de <em>hostings<\/em> gratuitos es <a href=\"https:\/\/es.000webhost.com\/\" target=\"_blank\" rel=\"noopener noreferrer\">000webhost<\/a>. Puedes emplearlo en espa\u00f1ol y es muy f\u00e1cil crear una web en WordPress para que puedas trabajar con esta plataforma.<\/p>\n<p>Sin embargo, para este tutorial vamos a emplear una soluci\u00f3n m\u00e1s sencilla, m\u00e1s r\u00e1pida y muy potente para entornos de desarrollo. Y, por supuesto, gratuita. Se trata del proyecto de <a href=\"https:\/\/ardid.com.ar\/\" target=\"_blank\" rel=\"noopener noreferrer\">Anibal Ardid<\/a> y <a href=\"https:\/\/boluda.com\/\" target=\"_blank\" rel=\"noopener noreferrer\">Joan Boluda<\/a>: <a href=\"https:\/\/demoswp.com\/\" target=\"_blank\" rel=\"noopener noreferrer\"><strong>DemosWP<\/strong><\/a>.<\/p>\n<p>Este servicio web os permite, bajo registro gratuito, la instalaci\u00f3n y gesti\u00f3n de hasta dos sitios web con WordPress (y siempre puedes registrarte con otro correo electr\u00f3nico para tener acceso a otro sitio web).<\/p>\n<div class=\"featured featured-blue\"><p>Los sitios creados con DemosWP permiten el acceso a la base de datos MySQL y a los archivos instalados v\u00eda sFTP.<\/p>\n<\/div>\n<figure id=\"attachment_131\" aria-describedby=\"caption-attachment-131\" style=\"width: 765px\" class=\"wp-caption alignnone\"><img loading=\"lazy\" class=\"wp-image-131 size-full\" src=\"\/wp-content\/uploads\/2019\/07\/m4352_002.jpg\" alt=\"\" width=\"765\" height=\"527\" srcset=\"\/wp-content\/uploads\/2019\/07\/m4352_002.jpg 765w, \/wp-content\/uploads\/2019\/07\/m4352_002-300x207.jpg 300w\" sizes=\"(max-width: 765px) 100vw, 765px\" \/><figcaption id=\"caption-attachment-131\" class=\"wp-caption-text\">Panel de administraci\u00f3n de DemosWP con varias instalaciones de WordPress.<br \/>Fuente: DemosWp.com<\/figcaption><\/figure>\n<div class=\"featured featured-grey\"><p>Si tienes dudas con la instalaci\u00f3n de WordPress con DemosWP, puedes echarle un vistazo al siguiente v\u00eddeo tutorial:<\/p>\n<p><iframe loading=\"lazy\" title=\"\u2705 DemosWP - Alternativa a Pilvia - Instalaciones de WordPress GRATIS ?\" width=\"640\" height=\"360\" src=\"https:\/\/www.youtube.com\/embed\/v72jeXi81jw?feature=oembed\" frameborder=\"0\" allow=\"accelerometer; autoplay; encrypted-media; gyroscope; picture-in-picture\" allowfullscreen><\/iframe><\/p>\n<p>\n<\/div>\n","protected":false},"excerpt":{"rendered":"<p>Para poder probar una versi\u00f3n completamente optimizada y autogestionada en l\u00ednea, las opciones son m\u00e1s escasas. Algunas de las soluciones completas (espacio web, PHP, base de datos, CPanel y acceso FTP) son muy lentas. En todo caso, la mejor soluci\u00f3n dentro de este tipo de hostings gratuitos es 000webhost. Puedes emplearlo en espa\u00f1ol y es [&hellip;]<\/p>\n","protected":false},"author":2,"featured_media":0,"parent":0,"menu_order":0,"comment_status":"closed","ping_status":"closed","template":"","meta":[],"_links":{"self":[{"href":"http:\/\/portafoli-wordpress.recursos.uoc.edu\/es\/wp-json\/wp\/v2\/pages\/118"}],"collection":[{"href":"http:\/\/portafoli-wordpress.recursos.uoc.edu\/es\/wp-json\/wp\/v2\/pages"}],"about":[{"href":"http:\/\/portafoli-wordpress.recursos.uoc.edu\/es\/wp-json\/wp\/v2\/types\/page"}],"author":[{"embeddable":true,"href":"http:\/\/portafoli-wordpress.recursos.uoc.edu\/es\/wp-json\/wp\/v2\/users\/2"}],"replies":[{"embeddable":true,"href":"http:\/\/portafoli-wordpress.recursos.uoc.edu\/es\/wp-json\/wp\/v2\/comments?post=118"}],"version-history":[{"count":9,"href":"http:\/\/portafoli-wordpress.recursos.uoc.edu\/es\/wp-json\/wp\/v2\/pages\/118\/revisions"}],"predecessor-version":[{"id":847,"href":"http:\/\/portafoli-wordpress.recursos.uoc.edu\/es\/wp-json\/wp\/v2\/pages\/118\/revisions\/847"}],"wp:attachment":[{"href":"http:\/\/portafoli-wordpress.recursos.uoc.edu\/es\/wp-json\/wp\/v2\/media?parent=118"}],"curies":[{"name":"wp","href":"https:\/\/api.w.org\/{rel}","templated":true}]}}