{"id":115,"date":"2019-07-18T16:23:44","date_gmt":"2019-07-18T14:23:44","guid":{"rendered":"http:\/\/portafoli-wordpress.recursos.uoc.edu\/?page_id=115"},"modified":"2019-07-24T15:42:01","modified_gmt":"2019-07-24T13:42:01","slug":"2-2-modo-local-local-by-flywheel","status":"publish","type":"page","link":"http:\/\/portafoli-wordpress.recursos.uoc.edu\/es\/2-2-modo-local-local-by-flywheel\/","title":{"rendered":"2.2. Modo local: Local by Flywheel"},"content":{"rendered":"<p>Si optamos por una soluci\u00f3n local, debemos asegurar que entendemos el funcionamiento de esta soluci\u00f3n: dado que el equipo es \u00abcliente\u00bb (puede ver la web) y \u00abservidor\u00bb (almacena la web), no es posible compartir un enlace para que otra persona pueda ver la web desde otro equipo diferente a la red local.<\/p>\n<p>La ventaja del modo local es que la gesti\u00f3n de WordPress es mucho m\u00e1s veloz, ya que no necesitamos conexi\u00f3n a internet y no tenemos que salir \u00aba la red\u00bb.<\/p>\n<p>Hay muchas soluciones para instalar WordPress en modo local: <a href=\"https:\/\/bitnami.com\/stack\/wordpress\" target=\"_blank\" rel=\"noopener noreferrer\">Bitnami<\/a>, <a href=\"https:\/\/www.apachefriends.org\/es\/index.html\" target=\"_blank\" rel=\"noopener noreferrer\">XAMPP<\/a> (o <a href=\"https:\/\/www.mamp.info\/en\/\" target=\"_blank\" rel=\"noopener noreferrer\">MAMP<\/a> en entornos Mac), etc., pero mi recomendaci\u00f3n es utilizar el programa <a href=\"https:\/\/localbyflywheel.com\/\" target=\"_blank\" rel=\"noopener noreferrer\">Local by Flywheel<\/a>, que permite instalar muchos sitios web con WordPress.<\/p>\n<p>Este software se encarga de toda la instalaci\u00f3n en equipos Windows o Mac, es muy sencillo de gestionar y, pese a ser una instalaci\u00f3n local, tiene una opci\u00f3n (<em>Live Link<\/em>, el bot\u00f3n ubicado en la parte inferior central) para poder visionar remotamente los proyectos web en los que estemos trabajando.<\/p>\n<figure id=\"attachment_129\" aria-describedby=\"caption-attachment-129\" style=\"width: 765px\" class=\"wp-caption alignnone\"><img loading=\"lazy\" class=\"wp-image-129 size-full\" src=\"\/wp-content\/uploads\/2019\/07\/m4352_001.jpg\" alt=\"\" width=\"765\" height=\"532\" srcset=\"\/wp-content\/uploads\/2019\/07\/m4352_001.jpg 765w, \/wp-content\/uploads\/2019\/07\/m4352_001-300x209.jpg 300w\" sizes=\"(max-width: 765px) 100vw, 765px\" \/><figcaption id=\"caption-attachment-129\" class=\"wp-caption-text\">Panel de administraci\u00f3n de Local by Flywheel.<br \/>Fuente: Flywheel<\/figcaption><\/figure>\n<div class=\"featured featured-grey\"><p>Si tienes dudas sobre la instalaci\u00f3n de Local by Flywheel, puedes echarle un vistazo a este <a href=\"https:\/\/getflywheel.com\/layout\/local-wordpress-development-environment-how-to\/\" target=\"_blank\" rel=\"noopener noreferrer\">tutorial de instalaci\u00f3n en tres pasos<\/a>.<\/p>\n<\/div>\n<p>A\u00f1adir un espacio web con \u00abLocal by Flywheel\u00bb es tan sencillo como pulsar el bot\u00f3n verde situado abajo a la izquierda (ver imagen anterior) y seguir las instrucciones para crear el espacio y un usuario administrador.<\/p>\n<p>&nbsp;<\/p>\n","protected":false},"excerpt":{"rendered":"<p>Si optamos por una soluci\u00f3n local, debemos asegurar que entendemos el funcionamiento de esta soluci\u00f3n: dado que el equipo es \u00abcliente\u00bb (puede ver la web) y \u00abservidor\u00bb (almacena la web), no es posible compartir un enlace para que otra persona pueda ver la web desde otro equipo diferente a la red local. La ventaja del [&hellip;]<\/p>\n","protected":false},"author":2,"featured_media":0,"parent":0,"menu_order":0,"comment_status":"closed","ping_status":"closed","template":"","meta":[],"_links":{"self":[{"href":"http:\/\/portafoli-wordpress.recursos.uoc.edu\/es\/wp-json\/wp\/v2\/pages\/115"}],"collection":[{"href":"http:\/\/portafoli-wordpress.recursos.uoc.edu\/es\/wp-json\/wp\/v2\/pages"}],"about":[{"href":"http:\/\/portafoli-wordpress.recursos.uoc.edu\/es\/wp-json\/wp\/v2\/types\/page"}],"author":[{"embeddable":true,"href":"http:\/\/portafoli-wordpress.recursos.uoc.edu\/es\/wp-json\/wp\/v2\/users\/2"}],"replies":[{"embeddable":true,"href":"http:\/\/portafoli-wordpress.recursos.uoc.edu\/es\/wp-json\/wp\/v2\/comments?post=115"}],"version-history":[{"count":11,"href":"http:\/\/portafoli-wordpress.recursos.uoc.edu\/es\/wp-json\/wp\/v2\/pages\/115\/revisions"}],"predecessor-version":[{"id":673,"href":"http:\/\/portafoli-wordpress.recursos.uoc.edu\/es\/wp-json\/wp\/v2\/pages\/115\/revisions\/673"}],"wp:attachment":[{"href":"http:\/\/portafoli-wordpress.recursos.uoc.edu\/es\/wp-json\/wp\/v2\/media?parent=115"}],"curies":[{"name":"wp","href":"https:\/\/api.w.org\/{rel}","templated":true}]}}