{"id":112,"date":"2019-07-18T16:16:44","date_gmt":"2019-07-18T14:16:44","guid":{"rendered":"http:\/\/portafoli-wordpress.recursos.uoc.edu\/?page_id=112"},"modified":"2019-07-24T17:14:48","modified_gmt":"2019-07-24T15:14:48","slug":"2-1-introduccion","status":"publish","type":"page","link":"http:\/\/portafoli-wordpress.recursos.uoc.edu\/es\/2-1-introduccion\/","title":{"rendered":"2.1. Introducci\u00f3n"},"content":{"rendered":"<div class=\"featured featured-blue\"><p>La versi\u00f3n autogestionada de WordPress es un software inform\u00e1tico que debemos instalar en un servidor (el espacio virtual donde alojamos f\u00edsicamente los ficheros de nuestra web) que permita ejecutar PHP y tenga acceso a una base de datos (casi todos los <em>hostings<\/em> en la actualidad cumplen estos dos requisitos).<\/p>\n<\/div>\n<p>Si tienes un dominio y un servidor que permita la ejecuci\u00f3n de WordPress, comprueba en el panel de administraci\u00f3n si tienes un instalador de aplicaciones. Muchos de los <em>hostings<\/em> actuales tienen este tipo de aplicaciones y permiten instalar los principales CMS del mercado. En el caso de WordPress deberemos identificar un mail, un nombre de usuario y una contrase\u00f1a de acceso al panel de administraci\u00f3n. Tiempo de instalaci\u00f3n: 2 minutos (reales).<\/p>\n<p>Si no tienes instalador autom\u00e1tico, siempre puedes hacer la instalaci\u00f3n manual. Es raro encontrarse con esta situaci\u00f3n, pero si es as\u00ed, los pasos est\u00e1n explicados extensamente en el <a href=\"https:\/\/codex.wordpress.org\/es:Instalando_Wordpress\" target=\"_blank\" rel=\"noopener noreferrer\">C\u00f3dex<\/a> (el manual de referencia de WordPress). En resumen, la instalaci\u00f3n larga tiene los siguientes pasos:<\/p>\n<ol>\n<li>Primero, hay que descargarse los archivos de la <a href=\"https:\/\/es.wordpress.org\/download\/\" target=\"_blank\" rel=\"noopener noreferrer\">\u00faltima versi\u00f3n de WordPress<\/a> desde su web oficial y guardarlos en nuestro equipo.<\/li>\n<li>Desde el panel del alojamiento (puede ser un cPanel, un Plesk o un panel personalizado), creamos una base de datos, creamos un usuario de base de datos y asignamos el usuario a la base de datos. Apuntamos el nombre de la base de datos, del usuario y su contrase\u00f1a.<\/li>\n<li>Subimos los archivos descargados de WordPress a nuestro alojamiento a trav\u00e9s de una herramienta de FTP como <a href=\"https:\/\/filezilla-project.org\/download.php\" target=\"_blank\" rel=\"noopener noreferrer\">FileZilla<\/a> (es un protocolo de transferencia de archivos, pasas los archivos de tu ordenador a una carpeta dentro del \u00abordenador\u00bb del servidor).<\/li>\n<li>Modificamos el archivo \u00abwp-config.php\u00bb del servidor con los datos de nuestra base de datos, usuario y contrase\u00f1a. Para ello podemos utilizar un editor de c\u00f3digo como <a href=\"https:\/\/code.visualstudio.com\/Download\" target=\"_blank\" rel=\"noopener noreferrer\">VS Code<\/a> o <a href=\"https:\/\/www.sublimetext.com\/3\" target=\"_blank\" rel=\"noopener noreferrer\">Sublime Text<\/a>.<\/li>\n<li>Ejecutamos la instalaci\u00f3n desde <em>midominio.com\/wp-admin\/install.php<\/em> y seguimos los pasos que nos pide para ponerle el nombre a la web y crear el usuario administrador (\u00a1no utilic\u00e9is la combinaci\u00f3n <em>admin \u2013 admin<\/em> ni contrase\u00f1as sencillas!).<\/li>\n<\/ol>\n<div class=\"featured featured-blue\"><p>Para llevar a cabo esta unidad, mi recomendaci\u00f3n es trabajar con una soluci\u00f3n local o con una soluci\u00f3n a distancia que sea plenamente funcional y f\u00e1cil de implementar.<\/p>\n<\/div>\n","protected":false},"excerpt":{"rendered":"<p>Si tienes un dominio y un servidor que permita la ejecuci\u00f3n de WordPress, comprueba en el panel de administraci\u00f3n si tienes un instalador de aplicaciones. Muchos de los hostings actuales tienen este tipo de aplicaciones y permiten instalar los principales CMS del mercado. En el caso de WordPress deberemos identificar un mail, un nombre de [&hellip;]<\/p>\n","protected":false},"author":2,"featured_media":0,"parent":0,"menu_order":0,"comment_status":"closed","ping_status":"closed","template":"","meta":[],"_links":{"self":[{"href":"http:\/\/portafoli-wordpress.recursos.uoc.edu\/es\/wp-json\/wp\/v2\/pages\/112"}],"collection":[{"href":"http:\/\/portafoli-wordpress.recursos.uoc.edu\/es\/wp-json\/wp\/v2\/pages"}],"about":[{"href":"http:\/\/portafoli-wordpress.recursos.uoc.edu\/es\/wp-json\/wp\/v2\/types\/page"}],"author":[{"embeddable":true,"href":"http:\/\/portafoli-wordpress.recursos.uoc.edu\/es\/wp-json\/wp\/v2\/users\/2"}],"replies":[{"embeddable":true,"href":"http:\/\/portafoli-wordpress.recursos.uoc.edu\/es\/wp-json\/wp\/v2\/comments?post=112"}],"version-history":[{"count":5,"href":"http:\/\/portafoli-wordpress.recursos.uoc.edu\/es\/wp-json\/wp\/v2\/pages\/112\/revisions"}],"predecessor-version":[{"id":696,"href":"http:\/\/portafoli-wordpress.recursos.uoc.edu\/es\/wp-json\/wp\/v2\/pages\/112\/revisions\/696"}],"wp:attachment":[{"href":"http:\/\/portafoli-wordpress.recursos.uoc.edu\/es\/wp-json\/wp\/v2\/media?parent=112"}],"curies":[{"name":"wp","href":"https:\/\/api.w.org\/{rel}","templated":true}]}}