{"id":100,"date":"2019-07-18T15:47:52","date_gmt":"2019-07-18T13:47:52","guid":{"rendered":"http:\/\/portafoli-wordpress.recursos.uoc.edu\/?page_id=100"},"modified":"2019-08-18T14:07:54","modified_gmt":"2019-08-18T12:07:54","slug":"1-2-las-dos-plataformas-de-wordpress-wordpress-com-y-wordpress-org","status":"publish","type":"page","link":"http:\/\/portafoli-wordpress.recursos.uoc.edu\/es\/1-2-las-dos-plataformas-de-wordpress-wordpress-com-y-wordpress-org\/","title":{"rendered":"1.2. Las dos plataformas de WordPress: WordPress.com y WordPress.org"},"content":{"rendered":"<div class=\"featured featured-blue\"><p>Si escogemos WordPress como CMS para realizar la p\u00e1gina web, lo primero que debemos hacer es elegir correctamente el tipo de plataforma que m\u00e1s se ajusta a sus necesidades.<\/p>\n<\/div>\n<p>El modelo de negocio de WordPress es <em>freemium<\/em>, lo que implica que habr\u00e1 una parte de acceso gratuito y una parte o funcionalidades superiores que ser\u00e1n de pago. Cualquier usuario puede crear en pocos minutos una p\u00e1gina web en WordPress.com y tener su web activa, pero pronto descubrir\u00e1 que las limitaciones de la plataforma impedir\u00e1n desarrollar portales web potentes y autogestionados.<\/p>\n<p>Por el contrario, quien quiera crear su p\u00e1gina de forma aut\u00f3noma y sin la ayuda inicial de alojamiento, descubrir\u00e1 que puede hacer grandes cosas\u2026 siempre que supere el escollo inicial de la instalaci\u00f3n y el constante mantenimiento de su p\u00e1gina web. En este sentido, la versi\u00f3n controlada por el usuario exige un nivel de dificultad extra, pero la gratificaci\u00f3n de sus creaciones web ser\u00e1 mayor.<\/p>\n<p>A modo de resumen, estas son las diferencias entre WordPress.com y WordPress.org:<\/p>\n<table>\n<thead>\n<tr>\n<th>Caracter\u00edsticas<\/th>\n<th>WordPress.com<\/th>\n<th>WordPress.org<\/th>\n<\/tr>\n<\/thead>\n<tbody>\n<tr>\n<th>Propiedad de la informaci\u00f3n<\/th>\n<td>La informaci\u00f3n es propiedad de la empresa que aloja los datos: WordPress.com.<\/td>\n<td>La informaci\u00f3n es tuya, dado que alojas los datos en tu servidor.<\/td>\n<\/tr>\n<tr>\n<th>Precio<\/th>\n<td>Gratuito, se paga por funcionalidades extra, pero no se paga <em>hosting<\/em> ni dominio b\u00e1sico.<\/td>\n<td>WordPress.org es gratuito, pero necesitas un <em>hosting<\/em> para almacenar los archivos, una base de datos para los contenidos y un nombre de dominio para acceder v\u00eda navegador a tu web.<\/td>\n<\/tr>\n<tr>\n<th>Personalizaci\u00f3n (<em>templates<\/em>)<\/th>\n<td>B\u00e1sica, en funci\u00f3n de temas disponibles. Algunos son de pago.<\/td>\n<td>Elevada, en funci\u00f3n de temas disponibles. Algunos son de pago. Posibilidad de emplear maquetadores visuales para cambiar est\u00e9ticamente la p\u00e1gina web.<\/td>\n<\/tr>\n<tr>\n<th>Mantenimiento<\/th>\n<td>Incluido y facilitado por WordPress.com.<\/td>\n<td>Corre a cuenta del administrador de la web.<\/td>\n<\/tr>\n<tr>\n<th>Publicidad<\/th>\n<td>Si se quiere desactivar, se paga por la versi\u00f3n sin anuncios.<\/td>\n<td>Solo si los insertas personalmente (y se gana dinero con ello).<\/td>\n<\/tr>\n<tr>\n<th>Anal\u00edtica web<\/th>\n<td>WordPress (muy limitada).<\/td>\n<td>Compatible con sistemas habituales como Google Analytics o autogestionados como Piwik.<\/td>\n<\/tr>\n<tr>\n<th>Complementos (plugins)<\/th>\n<td>Si pagas por ellos.<\/td>\n<td>S\u00ed, accesibles en la red de desarrolladores. La gran mayor\u00eda gratuitos.<\/td>\n<\/tr>\n<\/tbody>\n<\/table>\n<div class=\"tablefooter\"><p>Cuadro comparativo entre WordPess.com y WordPress.org.<br \/>\nFuente: elaboraci\u00f3n propia<\/p>\n<\/div>\n<p>Para usuarios noveles, con conocimientos limitados, es recomendable el uso de WordPress.com. Sin embargo, estos usuarios pronto comprender\u00e1n que las opciones de personalizaci\u00f3n gr\u00e1fica y ampliaci\u00f3n de funcionalidades de WordPress.com son muy limitadas, por lo que, aunque se trata de un esfuerzo inicial mayor, mi consejo es \u00abtrastear\u00bb con WordPress.com para familiarizarse con la plataforma y despu\u00e9s volcar los datos en una instalaci\u00f3n propia, o bien comenzar de cero con una web autoalojada en WordPress.<\/p>\n","protected":false},"excerpt":{"rendered":"<p>El modelo de negocio de WordPress es freemium, lo que implica que habr\u00e1 una parte de acceso gratuito y una parte o funcionalidades superiores que ser\u00e1n de pago. Cualquier usuario puede crear en pocos minutos una p\u00e1gina web en WordPress.com y tener su web activa, pero pronto descubrir\u00e1 que las limitaciones de la plataforma impedir\u00e1n [&hellip;]<\/p>\n","protected":false},"author":2,"featured_media":0,"parent":0,"menu_order":0,"comment_status":"closed","ping_status":"closed","template":"","meta":[],"_links":{"self":[{"href":"http:\/\/portafoli-wordpress.recursos.uoc.edu\/es\/wp-json\/wp\/v2\/pages\/100"}],"collection":[{"href":"http:\/\/portafoli-wordpress.recursos.uoc.edu\/es\/wp-json\/wp\/v2\/pages"}],"about":[{"href":"http:\/\/portafoli-wordpress.recursos.uoc.edu\/es\/wp-json\/wp\/v2\/types\/page"}],"author":[{"embeddable":true,"href":"http:\/\/portafoli-wordpress.recursos.uoc.edu\/es\/wp-json\/wp\/v2\/users\/2"}],"replies":[{"embeddable":true,"href":"http:\/\/portafoli-wordpress.recursos.uoc.edu\/es\/wp-json\/wp\/v2\/comments?post=100"}],"version-history":[{"count":20,"href":"http:\/\/portafoli-wordpress.recursos.uoc.edu\/es\/wp-json\/wp\/v2\/pages\/100\/revisions"}],"predecessor-version":[{"id":873,"href":"http:\/\/portafoli-wordpress.recursos.uoc.edu\/es\/wp-json\/wp\/v2\/pages\/100\/revisions\/873"}],"wp:attachment":[{"href":"http:\/\/portafoli-wordpress.recursos.uoc.edu\/es\/wp-json\/wp\/v2\/media?parent=100"}],"curies":[{"name":"wp","href":"https:\/\/api.w.org\/{rel}","templated":true}]}}